{"id":29855,"date":"2023-10-09T17:52:06","date_gmt":"2023-10-09T15:52:06","guid":{"rendered":"https:\/\/cardiofirstangel.fr\/produit\/training-kit\/"},"modified":"2024-08-27T17:12:03","modified_gmt":"2024-08-27T15:12:03","slug":"training-kit","status":"publish","type":"product","link":"https:\/\/cardiofirstangel.fr\/en\/produit\/training-kit\/","title":{"rendered":"Training kit"},"content":{"rendered":"<p>[et_pb_section fb_built=&#8221;1&#8243; _builder_version=&#8221;4.16&#8243; custom_padding=&#8221;0px||||false|false&#8221; global_colors_info=&#8221;{}&#8221;][et_pb_row _builder_version=&#8221;4.16&#8243; background_size=&#8221;initial&#8221; background_position=&#8221;top_left&#8221; background_repeat=&#8221;repeat&#8221; width=&#8221;100%&#8221; width_tablet=&#8221;100%&#8221; width_phone=&#8221;80%&#8221; width_last_edited=&#8221;on|phone&#8221; custom_padding=&#8221;28px||0px||false|false&#8221; global_colors_info=&#8221;{}&#8221;][et_pb_column type=&#8221;4_4&#8243; _builder_version=&#8221;4.16&#8243; custom_padding=&#8221;|||&#8221; global_colors_info=&#8221;{}&#8221; custom_padding__hover=&#8221;|||&#8221;][et_pb_wc_cart_notice _builder_version=&#8221;4.16&#8243; global_colors_info=&#8221;{}&#8221;][\/et_pb_wc_cart_notice][\/et_pb_column][\/et_pb_row][et_pb_row column_structure=&#8221;1_2,1_2&#8243; custom_padding_last_edited=&#8221;on|desktop&#8221; _builder_version=&#8221;4.16&#8243; background_size=&#8221;initial&#8221; background_position=&#8221;top_left&#8221; background_repeat=&#8221;repeat&#8221; width=&#8221;100%&#8221; width_tablet=&#8221;100%&#8221; width_phone=&#8221;80%&#8221; width_last_edited=&#8221;on|phone&#8221; custom_padding=&#8221;34px||||false|false&#8221; custom_padding_tablet=&#8221;20px||||false|false&#8221; custom_padding_phone=&#8221;20px||||false|false&#8221; global_colors_info=&#8221;{}&#8221;][et_pb_column type=&#8221;1_2&#8243; _builder_version=&#8221;4.16&#8243; custom_padding=&#8221;|||&#8221; global_colors_info=&#8221;{}&#8221; custom_padding__hover=&#8221;|||&#8221;][et_pb_wc_images _builder_version=&#8221;4.16&#8243; custom_margin=&#8221;|57px||||&#8221; custom_margin_tablet=&#8221;|57px||||&#8221; custom_margin_phone=&#8221;16px|13px|||false|false&#8221; custom_margin_last_edited=&#8221;on|phone&#8221; custom_padding=&#8221;|||99px||&#8221; custom_padding_tablet=&#8221;|||99px||&#8221; custom_padding_phone=&#8221;|||13px|false|false&#8221; custom_padding_last_edited=&#8221;on|phone&#8221; global_colors_info=&#8221;{}&#8221;][\/et_pb_wc_images][\/et_pb_column][et_pb_column type=&#8221;1_2&#8243; _builder_version=&#8221;4.16&#8243; custom_padding=&#8221;|||&#8221; global_colors_info=&#8221;{}&#8221; custom_padding__hover=&#8221;|||&#8221;][et_pb_wc_title _builder_version=&#8221;4.16&#8243; header_font=&#8221;Oswald|700||on|||||&#8221; header_font_size=&#8221;45px&#8221; global_colors_info=&#8221;{}&#8221;][\/et_pb_wc_title][et_pb_wc_price _builder_version=&#8221;4.16&#8243; body_font=&#8221;Oswald|500|||||||&#8221; body_font_size=&#8221;28px&#8221; custom_margin=&#8221;||18px|||&#8221; global_colors_info=&#8221;{}&#8221;][\/et_pb_wc_price][et_pb_wc_add_to_cart _builder_version=&#8221;4.16&#8243; fields_text_color=&#8221;#E02B20&#8243; fields_font=&#8221;Lato|600|||||||&#8221; custom_button=&#8221;on&#8221; button_text_size=&#8221;18px&#8221; button_text_color=&#8221;#FFFFFF&#8221; button_bg_color=&#8221;#c80505&#8243; button_border_color=&#8221;#c80505&#8243; button_font=&#8221;Lato||||||||&#8221; button_icon=&#8221;5||divi||400&#8243; global_colors_info=&#8221;{}&#8221; button_text_color__hover_enabled=&#8221;on|hover&#8221; button_text_color__hover=&#8221;#c80505&#8243; button_bg_color__hover_enabled=&#8221;on|hover&#8221; button_bg_color__hover=&#8221;#FFFFFF&#8221; button_bg_enable_color__hover=&#8221;on&#8221;][\/et_pb_wc_add_to_cart][et_pb_wc_description _builder_version=&#8221;4.16&#8243; body_font=&#8221;Lato||||||||&#8221; body_font_size=&#8221;16px&#8221; body_line_height=&#8221;1.9em&#8221; text_orientation=&#8221;justified&#8221; custom_padding=&#8221;|19px||||&#8221; global_colors_info=&#8221;{}&#8221;][\/et_pb_wc_description][\/et_pb_column][\/et_pb_row][et_pb_row _builder_version=&#8221;4.16&#8243; background_size=&#8221;initial&#8221; background_position=&#8221;top_left&#8221; background_repeat=&#8221;repeat&#8221; width=&#8221;100%&#8221; global_colors_info=&#8221;{}&#8221;][et_pb_column type=&#8221;4_4&#8243; _builder_version=&#8221;4.16&#8243; custom_padding=&#8221;|||&#8221; global_colors_info=&#8221;{}&#8221; custom_padding__hover=&#8221;|||&#8221;][et_pb_wc_tabs _builder_version=&#8221;4.16&#8243; width_tablet=&#8221;&#8221; width_phone=&#8221;84%&#8221; width_last_edited=&#8221;on|phone&#8221; module_alignment_tablet=&#8221;&#8221; module_alignment_phone=&#8221;center&#8221; module_alignment_last_edited=&#8221;on|phone&#8221; global_colors_info=&#8221;{}&#8221;]\t\t\t\t\t[\/et_pb_wc_tabs][et_pb_wc_upsells _builder_version=&#8221;4.16&#8243; global_colors_info=&#8221;{}&#8221;][\/et_pb_wc_upsells][et_pb_wc_related_products _builder_version=&#8221;4.16&#8243; title_font=&#8221;Oswald|||on|||||&#8221; product_title_font=&#8221;Lato||||||||&#8221; product_title_font_size=&#8221;25px&#8221; product_title_line_height=&#8221;1.1em&#8221; price_font=&#8221;Lato||||||||&#8221; price_font_size=&#8221;16px&#8221; width_tablet=&#8221;&#8221; width_phone=&#8221;80%&#8221; width_last_edited=&#8221;on|phone&#8221; module_alignment_tablet=&#8221;&#8221; module_alignment_phone=&#8221;center&#8221; module_alignment_last_edited=&#8221;on|phone&#8221; global_colors_info=&#8221;{}&#8221;][\/et_pb_wc_related_products][\/et_pb_column][\/et_pb_row][\/et_pb_section]<\/p>\n","protected":false},"excerpt":{"rendered":"<p>Cardiac massage is a technical and tiring procedure. Even after you&#8217;ve completed your first aid training, keep practicing cardiac massage at home! Anyone can practice using the Cardio First Angel. Remember, 70% of cardiac arrests occur at home, so it&#8217;s best to be prepared.<\/p>\n<p>The <span id=\"4\">Cardio<\/span><span id=\"5\"> First<\/span> Angel can be used for training, but also in real-life situations.<\/p>\n<p>The &#8220;training kit&#8221; includes: a Cardio First Angel + training support printed on canvas.<\/p>\n","protected":false},"featured_media":29650,"comment_status":"open","ping_status":"closed","template":"","meta":{"_seopress_robots_primary_cat":"none","_seopress_titles_title":"","_seopress_titles_desc":"","_seopress_robots_index":"","_et_pb_use_builder":"on","_et_pb_old_content":"The training kit contains :\n<ul>\n \t<li>A Cardio First Angel: 130 gr<\/li>\n \t<li>Mannequin printed on canvas: A1 format (84.1 x 59.4 cm), heavy-duty fabric cover<\/li>\n \t<li>Delivery time is about 2 weeks.<\/li>\n<\/ul>\nThis training kit does not replace a first aid course.\n\n<strong>SEND<\/strong>\n<strong>France M\u00e9tropolitaine et la P\u00e9ninsule Ib\u00e9rique<\/strong> : les frais de transport sont inclus. <strong>Reste de l'Europe <\/strong>: un forfait de 8\u20ac pour l'envoi.\n\nYou may be required to pay customs and import duties on your parcel depending on your country of delivery (e.g. non-EU countries). If your parcel is subject to this, the person receiving the parcel is obliged to cover these costs.","_et_gb_content_width":"","content-type":""},"product_brand":[],"product_cat":[54],"product_tag":[],"class_list":{"0":"post-29855","1":"product","2":"type-product","3":"status-publish","4":"has-post-thumbnail","6":"product_cat-non-classifiee","8":"first","9":"instock","10":"taxable","11":"shipping-taxable","12":"purchasable","13":"product-type-variable","14":"has-default-attributes"},"jetpack_sharing_enabled":true,"_links":{"self":[{"href":"https:\/\/cardiofirstangel.fr\/en\/wp-json\/wp\/v2\/product\/29855","targetHints":{"allow":["GET"]}}],"collection":[{"href":"https:\/\/cardiofirstangel.fr\/en\/wp-json\/wp\/v2\/product"}],"about":[{"href":"https:\/\/cardiofirstangel.fr\/en\/wp-json\/wp\/v2\/types\/product"}],"replies":[{"embeddable":true,"href":"https:\/\/cardiofirstangel.fr\/en\/wp-json\/wp\/v2\/comments?post=29855"}],"wp:featuredmedia":[{"embeddable":true,"href":"https:\/\/cardiofirstangel.fr\/en\/wp-json\/wp\/v2\/media\/29650"}],"wp:attachment":[{"href":"https:\/\/cardiofirstangel.fr\/en\/wp-json\/wp\/v2\/media?parent=29855"}],"wp:term":[{"taxonomy":"product_brand","embeddable":true,"href":"https:\/\/cardiofirstangel.fr\/en\/wp-json\/wp\/v2\/product_brand?post=29855"},{"taxonomy":"product_cat","embeddable":true,"href":"https:\/\/cardiofirstangel.fr\/en\/wp-json\/wp\/v2\/product_cat?post=29855"},{"taxonomy":"product_tag","embeddable":true,"href":"https:\/\/cardiofirstangel.fr\/en\/wp-json\/wp\/v2\/product_tag?post=29855"}],"curies":[{"name":"wp","href":"https:\/\/api.w.org\/{rel}","templated":true}]}}