{"id":29686,"date":"2020-09-20T17:07:12","date_gmt":"2020-09-20T15:07:12","guid":{"rendered":"https:\/\/cardiofirstangel.fr\/condiciones-de-venta\/"},"modified":"2024-05-07T18:00:26","modified_gmt":"2024-05-07T16:00:26","slug":"condiciones-de-venta","status":"publish","type":"page","link":"https:\/\/cardiofirstangel.fr\/es\/condiciones-de-venta\/","title":{"rendered":"Condiciones de venta"},"content":{"rendered":"\n[et_pb_section fb_built=\u00bb1&#8243; _builder_version=\u00bb4.16&#8243; _module_preset=\u00bbdefault\u00bb global_colors_info=\u00bb{}\u00bb][et_pb_row _builder_version=\u00bb4.16&#8243; _module_preset=\u00bbdefault\u00bb global_colors_info=\u00bb{}\u00bb][et_pb_column type=\u00bb4_4&#8243; _builder_version=\u00bb4.16&#8243; _module_preset=\u00bbdefault\u00bb global_colors_info=\u00bb{}\u00bb][et_pb_text _builder_version=\u00bb4.16&#8243; _module_preset=\u00bbdefault\u00bb text_font=\u00bbLato|700|||||||\u00bb text_text_color=\u00bb#383838&#8243; text_font_size=\u00bb30px\u00bb global_colors_info=\u00bb{}\u00bb]<p><strong>CONDICIONES GENERALES DE VENTA<\/strong><\/p>[\/et_pb_text][et_pb_text _builder_version=\u00bb4.16&#8243; _module_preset=\u00bbdefault\u00bb text_font=\u00bbLato||||||||\u00bb text_font_size=\u00bb16px\u00bb global_colors_info=\u00bb{}\u00bb]<p style=\"text-align: justify\"><strong>  ART\u00cdCULO 1: \u00c1MBITO DE APLICACI\u00d3N<\/strong><\/p>\n<p style=\"text-align: justify\">Las condiciones generales de venta que se detallan a continuaci\u00f3n (en adelante, las \u00abCondiciones Generales\u00bb) regulan la relaci\u00f3n contractual entre cualquier Cliente y Cardiofirstangel.fr, Marque de Management y Analisis de Compras, sociedad limitada con domicilio social en Calle Elisenda 24 &#8211; 08172 Sant Cugat del Valles (Barcelona- Espa\u00f1a) y registrada en Barcelona con el n\u00famero B61491908 (en adelante, \u00abMAC\u00bb).<\/p>\n<p style=\"text-align: justify\">Estas condiciones generales de venta son las \u00fanicas aplicables y sustituyen a todas las dem\u00e1s condiciones, salvo que se haya renunciado a ellas previamente de forma expresa y por escrito. Cardiofirstangel.fr puede modificar de vez en cuando algunas de las disposiciones de sus condiciones generales.<\/p>\n<p style=\"text-align: justify\">Al validar un pedido, cada Cliente acepta sin reservas nuestras condiciones generales de venta tras haberlas le\u00eddo.<\/p>\n<p style=\"text-align: justify\">Cardiofirstangel.fr &#8211; Gesti\u00f3n y An\u00e1lisis de Compras no aceptar\u00e1 ninguna cl\u00e1usula que acompa\u00f1e a un pedido del Cliente que entre en conflicto con estas Condiciones Generales o a\u00f1ada un nuevo elemento a las mismas.<\/p>\n<p style=\"text-align: justify\"><strong>ART\u00cdCULO 2: TARIFAS<\/strong><\/p>\n<p style=\"text-align: justify\">Los productos vendidos por cardiofirstangel.fr se facturan en euros, impuestos incluidos, al precio de la tarifa en vigor el d\u00eda del registro del pedido por cardiofirstangel.fr. Cardiofirstangel.fr se reserva el derecho de modificar sus tarifas en la fecha de su elecci\u00f3n en el respeto de los usos y reglamentos en vigor.<\/p>\n<p style=\"text-align: justify\"><strong>ART\u00cdCULO 3: CONDICIONES DE PAGO<\/strong><\/p>\n<p style=\"text-align: justify\">Excepto en el caso de condiciones especiales que requieran la intervenci\u00f3n del Servicio de Atenci\u00f3n al Cliente, los pagos deben realizarse online.<br>mediante tarjeta de cr\u00e9dito o Paypal.<\/p>\n<p style=\"text-align: justify\">En cuanto pulses el bot\u00f3n \u00abPagar con tarjeta de cr\u00e9dito\u00bb, ser\u00e1s dirigido autom\u00e1ticamente al centro de pago seguro con el que trabajamos.<\/p>\n<p style=\"text-align: justify\">Al hacer clic en el bot\u00f3n \u00abPaypal\u00bb, recibir\u00e1s autom\u00e1ticamente la informaci\u00f3n y los formularios necesarios para pagar tu pedido.<br>Una vez confirmado tu pago, procesaremos tu pedido.<\/p>\n<p style=\"text-align: justify\"><strong>ART\u00cdCULO 4: SANCIONES POR DEMORA<\/strong><\/p>\n<p style=\"text-align: justify\">En aplicaci\u00f3n de las leyes y reglamentos vigentes, toda suma pagada despu\u00e9s de su fecha de vencimiento, cualquiera que sea el motivo y la forma de pago acordada, dar\u00e1 lugar al pago de una penalizaci\u00f3n por demora aplicable a partir de la fecha de vencimiento, cuyo importe se calcular\u00e1 sobre la base de una vez y media (1,5 veces) el tipo de inter\u00e9s b\u00e1sico bancario, as\u00ed como una indemnizaci\u00f3n por gastos de cobro de 40 euros por factura pagada con demora. Previa presentaci\u00f3n de pruebas, el importe de las sanciones por demora podr\u00e1 incrementarse si los gastos de cobro superan el importe de esta indemnizaci\u00f3n fija.<\/p>\n<p style=\"text-align: justify\">En todos los casos, esta penalizaci\u00f3n por demora no podr\u00e1 ser inferior al 5% ni superior al 40% del importe de las cantidades adeudadas.<\/p>\n<p style=\"text-align: justify\"><strong>ART\u00cdCULO 5: DISPONIBILIDAD DEL PRODUCTO<\/strong><\/p>\n<p style=\"text-align: justify\">Nuestros productos est\u00e1n disponibles hasta fin de existencias. Cardiofirstangel.fr dispone de un stock permanente de Cardio First Angel. En caso de indisponibilidad del producto, se avisa a los Clientes en l\u00ednea en cuanto se realiza el pedido mediante un mensaje en el que se indica la fecha de entrega. En caso de retraso superior a 30 d\u00edas laborables, Cardiofirstangel.fr informar\u00e1 por correo electr\u00f3nico a los Clientes que hayan realizado el pedido, ofreci\u00e9ndoles la posibilidad de anularlo.<\/p>\n<p style=\"text-align: justify\"><strong>ART\u00cdCULO 6: ENV\u00cdO &#8211; ENTREGA &#8211; GASTOS DE ENV\u00cdO<\/strong><\/p>\n<p style=\"text-align: justify\">Cardiofirstangel.fr elige al proveedor del servicio de entrega del producto.<\/p>\n<p><strong>Francia metropolitana y Pen\u00ednsula Ib\u00e9rica:<\/strong> gastos de transporte incluidos.<br><strong>Resto de Europa:<\/strong> una tarifa plana de 8 euros por gastos de env\u00edo.<br><strong>Para pa\u00edses no pertenecientes a la UE :<\/strong><br>Es posible que tengas que pagar derechos de aduana y de importaci\u00f3n por tu paquete, dependiendo del pa\u00eds de entrega. Si tu paquete est\u00e1 sujeto a esto, la persona que recibe el paquete est\u00e1 obligada a cubrir estos costes.<\/p>\n<p style=\"text-align: justify\">Cardiofirstangel.fr se esfuerza por garantizar las entregas en Francia metropolitana en los 5 d\u00edas laborables siguientes al pago del pedido. Los plazos de entrega a C\u00f3rcega y a los departamentos y territorios franceses de ultramar est\u00e1n sujetos a condiciones especiales de transporte.<\/p>\n<p style=\"text-align: justify\">Tras la recepci\u00f3n, el Cliente debe comprobar que los paquetes est\u00e1n en buen estado y hacer las reservas habituales con el transportista dentro del plazo legal. Ten en cuenta que las palabras \u00absujeto a inspecci\u00f3n\u00bb o \u00absujeto a desembalaje\u00bb no tienen fuerza legal ante los transportistas o las aseguradoras. El Cliente est\u00e1 obligado a aportar pruebas de cualquier falta o rotura.<\/p>\n<p style=\"text-align: justify\">Cardiofirstangel.fr se esforzar\u00e1 por cumplir los plazos de entrega estipulados en el pedido, pero rechaza cualquier reclamaci\u00f3n de da\u00f1os y perjuicios por retrasos inferiores a 15 d\u00edas en las entregas y, por tanto, no acepta ninguna anulaci\u00f3n de pedido.<\/p>\n<p style=\"text-align: justify\"><strong>ART\u00cdCULO 7: RECLAMACIONES<\/strong><\/p>\n<p style=\"text-align: justify\">Si los productos recibidos no se ajustan a la factura, el Cliente deber\u00e1 notificarlo al Servicio de Atenci\u00f3n al Cliente de cardiofirstangel.fr inmediatamente o, a m\u00e1s tardar, en los tres d\u00edas siguientes a la recepci\u00f3n del pedido. Tras la recepci\u00f3n, el Cliente debe asegurarse de que los paquetes est\u00e1n en buen estado y hacer las reservas habituales con el transportista dentro del plazo legal especificado en el Albar\u00e1n de Entrega.<\/p>\n<p style=\"text-align: justify\"><strong>ART\u00cdCULO 8: DEVOLUCIONES<\/strong><\/p>\n<p style=\"text-align: justify\">No hay plazo de desistimiento para los pedidos realizados por Internet.<br>Los productos s\u00f3lo pueden devolverse previo acuerdo por escrito del equipo de Cardiofirstangel.fr, y ello en un plazo m\u00e1ximo de 30 d\u00edas tras la entrega.<\/p>\n<p style=\"text-align: justify\">Los productos deber\u00e1n entonces entregarse a cardiofirstangel.fr en puerto pagado a la direcci\u00f3n indicada en el formulario disponible en el sitio cardiofirstangel.fr cerca de un consejero o por correo electr\u00f3nico a la direcci\u00f3n philippe.rudowski@inotech.de, en un plazo m\u00e1ximo de 7 d\u00edas tras la notificaci\u00f3n del acuerdo por el Servicio-Clientes -cardiofirstangel.fr.<\/p>\n<p style=\"text-align: justify\">Los productos devueltos deben estar en perfectas condiciones y cuidadosamente empaquetados en su embalaje original, sin ning\u00fan cambio en sus referencias o n\u00fameros de serie; deben conservar sus etiquetas intactas, as\u00ed como cualquier sello o marca que permita la reventa de los productos.<\/p>\n<p style=\"text-align: justify\">A reserva de lo anterior, cardiofirstangel.fr reembolsar\u00e1 por transferencia bancaria el precio del\/de los producto(s) devuelto(s) y los gastos de env\u00edo facturados dentro del l\u00edmite de la suma correspondiente al modo de env\u00edo est\u00e1ndar m\u00e1s barato, si ya han sido pagados, y ello dentro de los 14 d\u00edas siguientes a su fecha de recepci\u00f3n por cardiofirstangel.fr. Los gastos de devoluci\u00f3n de la mercanc\u00eda correr\u00e1n a cargo del Cliente.<\/p>\n<p style=\"text-align: justify\"><strong>ART\u00cdCULO 9: GARANT\u00cdAS Y ATENCI\u00d3N AL CLIENTE<\/strong><\/p>\n<p style=\"text-align: justify\"><strong>CARDIO PRIMER \u00c1NGEL:<\/strong><\/p>\n<p style=\"text-align: justify\">El Cardio First Angel est\u00e1 garantizado durante 2 a\u00f1os por el fabricante, de acuerdo con las Condiciones Generales de Garant\u00eda descargables de la p\u00e1gina web www.cardiofirstangel.fr, sin perjuicio de la garant\u00eda legal por vicios ocultos prevista en los art\u00edculos 1641 a 1649 del C\u00f3digo Civil franc\u00e9s, que estipulan, en particular, que \u00abel vendedor es responsable de los vicios ocultos de la cosa vendida que la hagan impropia para el uso al que est\u00e1 destinada, o que perjudiquen de tal modo dicho uso que el comprador no la habr\u00eda comprado, o s\u00f3lo habr\u00eda pagado un precio inferior por ella, si los hubiera conocido\u00bb y de la garant\u00eda legal de conformidad prevista en los art\u00edculos L.211-4, L.211-5 y L.211-12 del C\u00f3digo de Consumo franc\u00e9s, que estipulan que \u00abel vendedor est\u00e1 obligado a entregar bienes conformes con el contrato y es responsable de los defectos de conformidad existentes en el momento de la entrega. Para ser conforme al contrato, el bien debe ser apto para el uso normalmente esperado de un bien similar. Cualquier acci\u00f3n derivada de una falta de conformidad prescribir\u00e1 a los dos a\u00f1os de la entrega de los bienes\u00bb.<\/p>\n<p style=\"text-align: justify\">Para presentar una reclamaci\u00f3n en virtud de la garant\u00eda, ponte en contacto con el Servicio de Atenci\u00f3n al Cliente de \u00abcardiofirstangel.fr<span> <\/span> \u00bb mediante el formulario disponible en el sitio web www.cardiofirstangel.fr.<\/p>\n<p style=\"text-align: justify\">Si el Cliente est\u00e1 autorizado a devolver su Cardio First Angel en virtud de la garant\u00eda, cardiofirstangel.fr se compromete a sustituirlo gratuitamente por un producto equivalente lo antes posible en Francia metropolitana.<br>El transportista que entregue el producto recoger\u00e1 el equipo antiguo y lo colocar\u00e1 directamente en el embalaje del nuevo Cardio First Angel. Colocar\u00e1 la etiqueta de env\u00edo preimpresa en la caja. A continuaci\u00f3n, el Cliente firmar\u00e1 el informe de cambio que se colocar\u00e1 dentro del embalaje. El repartidor podr\u00e1 entonces hacerse cargo del env\u00edo&#8230;<\/p>\n<p style=\"text-align: justify\"><strong>ART\u00cdCULO 10: LIMITACI\u00d3N DE RESPONSABILIDAD<\/strong><\/p>\n<p style=\"text-align: justify\">No se aceptar\u00e1 ninguna responsabilidad por p\u00e9rdidas o da\u00f1os, directos o indirectos, cualquiera que sea su causa.<br>En ning\u00fan caso el Cliente tendr\u00e1 derecho, por ning\u00fan motivo, a efectuar deducci\u00f3n alguna del importe de las facturas correspondientes a entregas incompletas o productos defectuosos.<\/p>\n<p style=\"text-align: justify\"><strong>ART\u00cdCULO 11: RESERVA DE DOMINIO<\/strong><\/p>\n<p style=\"text-align: justify\">Cardiofirstangel.fr conserva la propiedad de los bienes entregados hasta el pago \u00edntegro del precio en principal y accesorios.<\/p>\n<p style=\"text-align: justify\">Cardiofirstangel.fr se reserva el derecho de suspender cualquier entrega, o cualquier servicio de alguna naturaleza que sea, en caso de retraso en el pago y ello hasta la total regularizaci\u00f3n de la cuenta del deudor.<\/p>\n<p style=\"text-align: justify\">El Cliente est\u00e1 obligado a informar inmediatamente a cardiofirstangel.fr del apoderamiento en provecho de un tercero de los materiales entregados bajo reserva de propiedad.<\/p>\n<p style=\"text-align: justify\"><strong>ART\u00cdCULO 12: CL\u00c1USULA DE RESCISI\u00d3N DE VENTA<\/strong><\/p>\n<p style=\"text-align: justify\">En caso de disposiciones especiales acordadas en el momento del pedido y de impago de una entrega en su fecha de vencimiento, la venta se anular\u00e1 autom\u00e1ticamente ocho d\u00edas despu\u00e9s de que haya quedado sin efecto el aviso formal notificado por carta certificada con acuse de recibo. Cardiofirstangel.fr reclamar\u00e1 entonces las mercanc\u00edas consideradas que deber\u00e1n serle restituidas por s\u00ed mismas o su equivalente, sin demora, con los gastos y riesgos del Cliente, el conjunto sin perjuicio de todos los posibles da\u00f1os e intereses.<\/p>\n<p style=\"text-align: justify\"><strong>ART\u00cdCULO 13: CADUCIDAD DEL MANDATO<\/strong><\/p>\n<p style=\"text-align: justify\">En caso de disposiciones especiales acordadas al realizar el pedido, la falta de pago de una suma en la fecha de vencimiento acordada har\u00e1 que todas las sumas adeudadas por el Cliente y a\u00fan no vencidas pasen a ser inmediatamente exigibles.<\/p>\n<p style=\"text-align: justify\"><strong>ART\u00cdCULO 14: LEY APLICABLE &#8211; JURISDICCI\u00d3N<\/strong><\/p>\n<p style=\"text-align: justify\">En caso de litigio relativo a la ejecuci\u00f3n de un pedido y\/o a la interpretaci\u00f3n de las presentes condiciones generales, se buscar\u00e1 una soluci\u00f3n amistosa antes de emprender cualquier acci\u00f3n judicial. La b\u00fasqueda previa de una soluci\u00f3n amistosa no interrumpe los plazos para interponer una acci\u00f3n en virtud de la garant\u00eda.<\/p>\n<p style=\"text-align: justify\">En caso de no llegar a un acuerdo amistoso, todos los litigios que puedan surgir entre cardiofirstangel.fr y sus Clientes ser\u00e1n competencia exclusiva del Juzgado de lo Mercantil de Barcelona y ser\u00e1 de aplicaci\u00f3n la legislaci\u00f3n espa\u00f1ola.<\/p>\n<p style=\"text-align: justify\"><strong>Si tienes alguna pregunta sobre el servicio posventa, ponte en CONTACTO con el SERVICIO DE ATENCI\u00d3N AL CLIENTE.<\/strong><\/p>\n<p style=\"text-align: justify\">Por correo electr\u00f3nico: philippe.rudowski@inotech.de<br>Nos comprometemos a responderte en un plazo de 24 horas laborables.<\/p>\n<p style=\"text-align: justify\">Por tel\u00e9fono en 0153907653 , de lunes a viernes, de 9.00 a 12.30 y de 14.00 a 18.30 (d\u00edas laborables).<\/p>\n<p style=\"text-align: justify\"><strong>O escr\u00edbenos a la siguiente direcci\u00f3n<\/strong><\/p>\n<p style=\"text-align: justify\">Cardio Primer \u00c1ngel<\/p>\n<p style=\"text-align: justify\"><em>Calle de Elisenda 24 3\u00ba2\u00aa<br>08172 Sant Cugat del Valles (Barcelona)<\/em><\/p>[\/et_pb_text][\/et_pb_column][\/et_pb_row][\/et_pb_section]\n","protected":false},"excerpt":{"rendered":"<p>CONDICIONES GENERALES DE VENTA ART\u00cdCULO 1: \u00c1MBITO DE APLICACI\u00d3N Las condiciones generales de venta que se detallan a continuaci\u00f3n (en adelante, las \u00abCondiciones Generales\u00bb) regulan la relaci\u00f3n contractual entre cualquier Cliente y Cardiofirstangel.fr, Marque de Management y Analisis de Compras, sociedad limitada con domicilio social en Calle Elisenda 24 &#8211; 08172 Sant Cugat del Valles [&hellip;]<\/p>\n","protected":false},"author":3,"featured_media":0,"parent":0,"menu_order":0,"comment_status":"closed","ping_status":"closed","template":"","meta":{"_seopress_robots_primary_cat":"","_seopress_titles_title":"","_seopress_titles_desc":"","_seopress_robots_index":"s\u00ed","_et_pb_use_builder":"on","_et_pb_old_content":"","_et_gb_content_width":"","content-type":"","footnotes":""},"class_list":["post-29686","page","type-page","status-publish","hentry"],"jetpack_sharing_enabled":true,"_links":{"self":[{"href":"https:\/\/cardiofirstangel.fr\/es\/wp-json\/wp\/v2\/pages\/29686","targetHints":{"allow":["GET"]}}],"collection":[{"href":"https:\/\/cardiofirstangel.fr\/es\/wp-json\/wp\/v2\/pages"}],"about":[{"href":"https:\/\/cardiofirstangel.fr\/es\/wp-json\/wp\/v2\/types\/page"}],"author":[{"embeddable":true,"href":"https:\/\/cardiofirstangel.fr\/es\/wp-json\/wp\/v2\/users\/3"}],"replies":[{"embeddable":true,"href":"https:\/\/cardiofirstangel.fr\/es\/wp-json\/wp\/v2\/comments?post=29686"}],"version-history":[{"count":2,"href":"https:\/\/cardiofirstangel.fr\/es\/wp-json\/wp\/v2\/pages\/29686\/revisions"}],"predecessor-version":[{"id":29688,"href":"https:\/\/cardiofirstangel.fr\/es\/wp-json\/wp\/v2\/pages\/29686\/revisions\/29688"}],"wp:attachment":[{"href":"https:\/\/cardiofirstangel.fr\/es\/wp-json\/wp\/v2\/media?parent=29686"}],"curies":[{"name":"wp","href":"https:\/\/api.w.org\/{rel}","templated":true}]}}