{"id":29697,"date":"2020-03-25T10:02:32","date_gmt":"2020-03-25T09:02:32","guid":{"rendered":"https:\/\/cardiofirstangel.fr\/nuestra-historia\/"},"modified":"2024-09-03T16:25:34","modified_gmt":"2024-09-03T14:25:34","slug":"nuestra-historia","status":"publish","type":"page","link":"https:\/\/cardiofirstangel.fr\/es\/nuestra-historia\/","title":{"rendered":"NUESTRA HISTORIA"},"content":{"rendered":"<p>[et_pb_section fb_built=\u00bb1&#8243; disabled_on=\u00bboff|off|off\u00bb admin_label=\u00bbBlog \u00bb _builder_version=\u00bb4.16&#8243; custom_padding=\u00bb0px||0px|||\u00bb collapsed=\u00bboff\u00bb global_colors_info=\u00bb{}\u00bb][et_pb_row _builder_version=\u00bb4.16&#8243; background_size=\u00bbinitial\u00bb background_position=\u00bbtop_left\u00bb background_repeat=\u00bbrepeat\u00bb custom_padding=\u00bb||3px|||\u00bb global_colors_info=\u00bb{}\u00bb][et_pb_column type=\u00bb4_4&#8243; _builder_version=\u00bb4.16&#8243; custom_padding=\u00bb|||\u00bb global_colors_info=\u00bb{}\u00bb custom_padding__hover=\u00bb|||\u00bb][et_pb_text admin_label=\u00bbPage Title\u00bb _builder_version=\u00bb4.16&#8243; text_font=\u00bb||||||||\u00bb header_font=\u00bbOswald|700||on|||||\u00bb header_text_align=\u00bbcenter\u00bb header_font_size=\u00bb44px\u00bb header_letter_spacing=\u00bb4px\u00bb header_line_height=\u00bb1.2em\u00bb header_2_font=\u00bb||||||||\u00bb module_alignment=\u00bbcenter\u00bb custom_margin=\u00bb||10px|\u00bb custom_padding=\u00bb|||\u00bb animation_style=\u00bbfade\u00bb header_font_size_tablet=\u00bb40px\u00bb header_font_size_phone=\u00bb\u00bb header_font_size_last_edited=\u00bbon|tablet\u00bb locked=\u00bboff\u00bb global_colors_info=\u00bb{}\u00bb]<\/p>\n<h1>Nuestra historia<\/h1>\n<p>[\/et_pb_text][et_pb_divider divider_weight=\u00bb2px\u00bb disabled_on=\u00bboff|off|off\u00bb _builder_version=\u00bb4.16&#8243; max_width=\u00bb100px\u00bb module_alignment=\u00bbcenter\u00bb animation_style=\u00bbfade\u00bb custom_css_main_element=\u00bb||||\u00bb locked=\u00bboff\u00bb global_colors_info=\u00bb{}\u00bb][\/et_pb_divider][\/et_pb_column][\/et_pb_row][\/et_pb_section][et_pb_section fb_built=\u00bb1&#8243; _builder_version=\u00bb4.16&#8243; custom_padding=\u00bb29px|||||\u00bb global_colors_info=\u00bb{}\u00bb][et_pb_row column_structure=\u00bb1_3,2_3&#8243; _builder_version=\u00bb4.16&#8243; background_size=\u00bbinitial\u00bb background_position=\u00bbtop_left\u00bb background_repeat=\u00bbrepeat\u00bb custom_margin=\u00bb-21px|auto|-15px|auto||\u00bb custom_padding=\u00bb22px||22px|||\u00bb global_colors_info=\u00bb{}\u00bb][et_pb_column type=\u00bb1_3&#8243; _builder_version=\u00bb4.16&#8243; custom_padding=\u00bb|||\u00bb global_colors_info=\u00bb{}\u00bb custom_padding__hover=\u00bb|||\u00bb][et_pb_image src=\u00bbhttps:\/\/www.cardiofirstangel.fr\/\/wp-content\/uploads\/sites\/15653\/2021\/01\/Capture-de\u0301cran-2021-01-08-a\u0300-13.18.32.png\u00bb alt=\u00bbCardio First Angel PROF. DR. CHRISTIAN HAGL\u00bb title_text=\u00bbCardio First Angel PROF. DR. CHRISTIAN HAGL\u00bb _builder_version=\u00bb4.16&#8243; _module_preset=\u00bbdefault\u00bb global_colors_info=\u00bb{}\u00bb][\/et_pb_image][\/et_pb_column][et_pb_column type=\u00bb2_3&#8243; _builder_version=\u00bb4.16&#8243; custom_padding=\u00bb|||\u00bb global_colors_info=\u00bb{}\u00bb custom_padding__hover=\u00bb|||\u00bb][et_pb_text _builder_version=\u00bb4.17.4&#8243; text_font=\u00bbLato||||||||\u00bb text_font_size=\u00bb16px\u00bb background_size=\u00bbinitial\u00bb background_position=\u00bbtop_left\u00bb background_repeat=\u00bbrepeat\u00bb custom_margin=\u00bb||16px|||\u00bb global_colors_info=\u00bb{}\u00bb]<\/p>\n<p style=\"text-align: justify\">En Espa\u00f1a, 50.000 personas sufren paradas cardiacas cada a\u00f1o. (700.000 en Europa). Menos del 10% son reanimados.<\/p>\n<p style=\"text-align: justify\">El <a href=\"https:\/\/www.cardiofirstangel.fr\/cardio-first-angel\/\" target=\"_blank\" rel=\"noopener\"> <strong>Cardio First Angel<\/strong><\/a>es el resultado del encuentro entre un inventor y Josef Gleixner, fundador de Inotech y transformador de conceptos en innovaciones, que quer\u00eda convertir una idea en un dispositivo que salvara vidas.<\/p>\n<p style=\"text-align: justify\">Sorprendidos por el n\u00famero de personas que no son reanimadas tras una parada cardiaca, dedicaron 2 a\u00f1os a desarrollar, junto con el profesor Hagl del Hospital Universitario de M\u00fanich, un dispositivo f\u00e1cil de usar e intuitivo, de r\u00e1pida configuraci\u00f3n, que permite a cualquiera actuar de forma inmediata y eficaz.<\/p>\n<p style=\"text-align: justify\">Conscientes de que la parada cardiaca se produce en el 85% de los casos fuera de un entorno m\u00e9dico, incorporaron movilidad, autonom\u00eda y un precio econ\u00f3mico al desarrollo del producto. Crearon el Cardio First Angel<em>,<\/em> el primer asistente de masaje cardiaco para todo el mundo, incluso sin formaci\u00f3n, para que todo el mundo pueda actuar eficazmente sin miedo y realizar este gesto que salva vidas.<\/p>\n<p style=\"text-align: justify\">Cada minuto cuenta. \u00a1Todos podemos ser h\u00e9roes!<\/p>\n<p>[\/et_pb_text][\/et_pb_column][\/et_pb_row][\/et_pb_section]<\/p>\n","protected":false},"excerpt":{"rendered":"<p>Nuestra historiaEn Espa\u00f1a, 50.000 personas sufren paradas cardiacas cada a\u00f1o. (700.000 en Europa). Menos del 10% son reanimados. El Cardio First Angeles el resultado del encuentro entre un inventor y Josef Gleixner, fundador de Inotech y transformador de conceptos en innovaciones, que quer\u00eda convertir una idea en un dispositivo que salvara vidas. Sorprendidos por el [&hellip;]<\/p>\n","protected":false},"author":3,"featured_media":0,"parent":0,"menu_order":0,"comment_status":"closed","ping_status":"closed","template":"","meta":{"_seopress_robots_primary_cat":"","_seopress_titles_title":"","_seopress_titles_desc":"","_seopress_robots_index":"","_et_pb_use_builder":"on","_et_pb_old_content":"","_et_gb_content_width":"","content-type":"","footnotes":""},"class_list":["post-29697","page","type-page","status-publish","hentry"],"jetpack_sharing_enabled":true,"_links":{"self":[{"href":"https:\/\/cardiofirstangel.fr\/es\/wp-json\/wp\/v2\/pages\/29697","targetHints":{"allow":["GET"]}}],"collection":[{"href":"https:\/\/cardiofirstangel.fr\/es\/wp-json\/wp\/v2\/pages"}],"about":[{"href":"https:\/\/cardiofirstangel.fr\/es\/wp-json\/wp\/v2\/types\/page"}],"author":[{"embeddable":true,"href":"https:\/\/cardiofirstangel.fr\/es\/wp-json\/wp\/v2\/users\/3"}],"replies":[{"embeddable":true,"href":"https:\/\/cardiofirstangel.fr\/es\/wp-json\/wp\/v2\/comments?post=29697"}],"version-history":[{"count":10,"href":"https:\/\/cardiofirstangel.fr\/es\/wp-json\/wp\/v2\/pages\/29697\/revisions"}],"predecessor-version":[{"id":30690,"href":"https:\/\/cardiofirstangel.fr\/es\/wp-json\/wp\/v2\/pages\/29697\/revisions\/30690"}],"wp:attachment":[{"href":"https:\/\/cardiofirstangel.fr\/es\/wp-json\/wp\/v2\/media?parent=29697"}],"curies":[{"name":"wp","href":"https:\/\/api.w.org\/{rel}","templated":true}]}}