{"id":29716,"date":"2019-09-27T10:39:09","date_gmt":"2019-09-27T08:39:09","guid":{"rendered":"https:\/\/cardiofirstangel.fr\/tienda\/"},"modified":"2024-09-03T16:19:56","modified_gmt":"2024-09-03T14:19:56","slug":"tienda","status":"publish","type":"page","link":"https:\/\/cardiofirstangel.fr\/es\/tienda\/","title":{"rendered":"Tienda"},"content":{"rendered":"<p>[et_pb_section fb_built=\u00bb1&#8243; admin_label=\u00bbFeatures Section\u00bb _builder_version=\u00bb4.16&#8243; custom_padding=\u00bb8px||0px|||\u00bb global_colors_info=\u00bb{}\u00bb][et_pb_row _builder_version=\u00bb4.16&#8243; background_size=\u00bbinitial\u00bb background_position=\u00bbtop_left\u00bb background_repeat=\u00bbrepeat\u00bb custom_padding=\u00bb||3px|||\u00bb hover_transition_duration=\u00bb0ms\u00bb locked=\u00bboff\u00bb global_colors_info=\u00bb{}\u00bb][et_pb_column type=\u00bb4_4&#8243; _builder_version=\u00bb4.16&#8243; custom_padding=\u00bb|||\u00bb global_colors_info=\u00bb{}\u00bb custom_padding__hover=\u00bb|||\u00bb][et_pb_text admin_label=\u00bbPage Title\u00bb _builder_version=\u00bb4.16&#8243; text_font=\u00bb||||||||\u00bb header_font=\u00bbOswald|700||on|||||\u00bb header_text_align=\u00bbcenter\u00bb header_font_size=\u00bb44px\u00bb header_letter_spacing=\u00bb4px\u00bb header_line_height=\u00bb1.2em\u00bb header_2_font=\u00bb||||||||\u00bb module_alignment=\u00bbcenter\u00bb custom_margin=\u00bb||10px|\u00bb custom_padding=\u00bb|||\u00bb header_font_size_tablet=\u00bb40px\u00bb header_font_size_phone=\u00bb\u00bb header_font_size_last_edited=\u00bbon|tablet\u00bb locked=\u00bboff\u00bb global_colors_info=\u00bb{}\u00bb]<\/p>\n<h1>Tienda<\/h1>\n<p>[\/et_pb_text][et_pb_divider divider_weight=\u00bb2px\u00bb disabled_on=\u00bboff|off|off\u00bb _builder_version=\u00bb4.16&#8243; max_width=\u00bb100px\u00bb module_alignment=\u00bbcenter\u00bb animation_style=\u00bbfade\u00bb custom_css_main_element=\u00bb||||\u00bb locked=\u00bboff\u00bb global_colors_info=\u00bb{}\u00bb][\/et_pb_divider][\/et_pb_column][\/et_pb_row][et_pb_row _builder_version=\u00bb4.16&#8243; _module_preset=\u00bbdefault\u00bb width=\u00bb94%\u00bb global_colors_info=\u00bb{}\u00bb][et_pb_column type=\u00bb4_4&#8243; _builder_version=\u00bb4.16&#8243; _module_preset=\u00bbdefault\u00bb global_colors_info=\u00bb{}\u00bb][et_pb_shop type=\u00bbproduct_category\u00bb include_categories=\u00bb55&#8243; columns_number=\u00bb4&#8243; orderby=\u00bbmenu_order\u00bb _builder_version=\u00bb4.20.4&#8243; _module_preset=\u00bbdefault\u00bb title_font=\u00bbOswald|||on|||||\u00bb title_font_size=\u00bb25px\u00bb title_line_height=\u00bb1.3em\u00bb price_font=\u00bbLato|||on|||||\u00bb price_font_size=\u00bb17px\u00bb global_colors_info=\u00bb{}\u00bb][\/et_pb_shop][\/et_pb_column][\/et_pb_row][et_pb_row _builder_version=\u00bb4.20.4&#8243; _module_preset=\u00bbdefault\u00bb][et_pb_column _builder_version=\u00bb4.20.4&#8243; _module_preset=\u00bbdefault\u00bb type=\u00bb4_4&#8243;][et_pb_text _builder_version=\u00bb4.20.4&#8243; _module_preset=\u00bbdefault\u00bb text_font=\u00bbLato||||||||\u00bb text_font_size=\u00bb15px\u00bb hover_enabled=\u00bb0&#8243; sticky_enabled=\u00bb0&#8243;]<\/p>\n<p style=\"text-align: justify\">El Cardio First Angel, tu ayuda para el masaje card\u00edaco, es un dispositivo m\u00e9dico de Clase I, \u00a1utilizable por todos! Nuestro objetivo es motivar al mayor n\u00famero posible de testigos a actuar en caso de paro card\u00edaco. Los primeros auxilios son esenciales, pero la aprensi\u00f3n de tocar a la v\u00edctima o el miedo a hacer mal los procedimientos pueden ser obst\u00e1culos. El Cardio First Angel garantiza un masaje card\u00edaco eficaz. Adem\u00e1s, con el <a href=\"https:\/\/www.cardiofirstangel.fr\/produit\/cardio-first-angel-v2\/\">Cardio First Angel V2<\/a>, m\u00e1s personas pueden realizar el masaje y durante m\u00e1s tiempo, gracias a su mecanismo que requiere menos fuerza que la <a href=\"https:\/\/www.cardiofirstangel.fr\/produit\/cardio-first-angel\/\">V1<\/a> para lograr la misma compresi\u00f3n. <\/p>\n<p>[\/et_pb_text][\/et_pb_column][\/et_pb_row][\/et_pb_section]<\/p>\n","protected":false},"excerpt":{"rendered":"<p>TiendaEl Cardio First Angel, tu ayuda para el masaje card\u00edaco, es un dispositivo m\u00e9dico de Clase I, \u00a1utilizable por todos! Nuestro objetivo es motivar al mayor n\u00famero posible de testigos a actuar en caso de paro card\u00edaco. Los primeros auxilios son esenciales, pero la aprensi\u00f3n de tocar a la v\u00edctima o el miedo a hacer [&hellip;]<\/p>\n","protected":false},"author":4,"featured_media":0,"parent":0,"menu_order":0,"comment_status":"closed","ping_status":"closed","template":"","meta":{"_seopress_robots_primary_cat":"","_seopress_titles_title":"","_seopress_titles_desc":"","_seopress_robots_index":"s\u00ed","_et_pb_use_builder":"on","_et_pb_old_content":"","_et_gb_content_width":"","content-type":"","footnotes":""},"class_list":["post-29716","page","type-page","status-publish","hentry"],"jetpack_sharing_enabled":true,"_links":{"self":[{"href":"https:\/\/cardiofirstangel.fr\/es\/wp-json\/wp\/v2\/pages\/29716","targetHints":{"allow":["GET"]}}],"collection":[{"href":"https:\/\/cardiofirstangel.fr\/es\/wp-json\/wp\/v2\/pages"}],"about":[{"href":"https:\/\/cardiofirstangel.fr\/es\/wp-json\/wp\/v2\/types\/page"}],"author":[{"embeddable":true,"href":"https:\/\/cardiofirstangel.fr\/es\/wp-json\/wp\/v2\/users\/4"}],"replies":[{"embeddable":true,"href":"https:\/\/cardiofirstangel.fr\/es\/wp-json\/wp\/v2\/comments?post=29716"}],"version-history":[{"count":4,"href":"https:\/\/cardiofirstangel.fr\/es\/wp-json\/wp\/v2\/pages\/29716\/revisions"}],"predecessor-version":[{"id":30686,"href":"https:\/\/cardiofirstangel.fr\/es\/wp-json\/wp\/v2\/pages\/29716\/revisions\/30686"}],"wp:attachment":[{"href":"https:\/\/cardiofirstangel.fr\/es\/wp-json\/wp\/v2\/media?parent=29716"}],"curies":[{"name":"wp","href":"https:\/\/api.w.org\/{rel}","templated":true}]}}