{"id":29896,"date":"2016-03-25T15:41:03","date_gmt":"2016-03-25T14:41:03","guid":{"rendered":"https:\/\/cardiofirstangel.fr\/cardio-primer-angel\/"},"modified":"2024-09-04T15:17:23","modified_gmt":"2024-09-04T13:17:23","slug":"cardio-first-angel","status":"publish","type":"page","link":"https:\/\/cardiofirstangel.fr\/es\/cardio-first-angel\/","title":{"rendered":"Cardio First Angel"},"content":{"rendered":"<p>[et_pb_section fb_built=\u00bb1&#8243; disabled_on=\u00bboff|off|off\u00bb admin_label=\u00bbBlog \u00bb _builder_version=\u00bb4.16&#8243; custom_padding=\u00bb0px||0px|||\u00bb collapsed=\u00bboff\u00bb global_colors_info=\u00bb{}\u00bb][et_pb_row _builder_version=\u00bb4.16&#8243; background_size=\u00bbinitial\u00bb background_position=\u00bbtop_left\u00bb background_repeat=\u00bbrepeat\u00bb custom_padding=\u00bb||3px|||\u00bb global_colors_info=\u00bb{}\u00bb][et_pb_column type=\u00bb4_4&#8243; _builder_version=\u00bb4.16&#8243; custom_padding=\u00bb|||\u00bb global_colors_info=\u00bb{}\u00bb custom_padding__hover=\u00bb|||\u00bb][et_pb_text admin_label=\u00bbPage Title\u00bb _builder_version=\u00bb4.24.0&#8243; text_font=\u00bb||||||||\u00bb header_font=\u00bbOswald|700||on|||||\u00bb header_text_align=\u00bbcenter\u00bb header_font_size=\u00bb44px\u00bb header_letter_spacing=\u00bb4px\u00bb header_line_height=\u00bb1.2em\u00bb header_2_font=\u00bb||||||||\u00bb module_alignment=\u00bbcenter\u00bb custom_margin=\u00bb||10px|\u00bb custom_padding=\u00bb|||\u00bb header_font_size_tablet=\u00bb40px\u00bb header_font_size_phone=\u00bb\u00bb header_font_size_last_edited=\u00bbon|tablet\u00bb locked=\u00bboff\u00bb global_colors_info=\u00bb{}\u00bb]<\/p>\n<h1>Cardio First Angel<\/h1>\n<p>[\/et_pb_text][et_pb_divider divider_weight=\u00bb2px\u00bb disabled_on=\u00bboff|off|off\u00bb _builder_version=\u00bb4.16&#8243; max_width=\u00bb100px\u00bb module_alignment=\u00bbcenter\u00bb animation_style=\u00bbfade\u00bb custom_css_main_element=\u00bb||||\u00bb locked=\u00bboff\u00bb global_colors_info=\u00bb{}\u00bb][\/et_pb_divider][\/et_pb_column][\/et_pb_row][\/et_pb_section][et_pb_section fb_built=\u00bb1&#8243; _builder_version=\u00bb4.16&#8243; custom_padding=\u00bb0px||0px|||\u00bb global_colors_info=\u00bb{}\u00bb][et_pb_row column_structure=\u00bb1_3,1_3,1_3&#8243; _builder_version=\u00bb4.20.4&#8243; _module_preset=\u00bbdefault\u00bb custom_padding=\u00bb17px||20px|||\u00bb global_colors_info=\u00bb{}\u00bb][et_pb_column type=\u00bb1_3&#8243; _builder_version=\u00bb4.20.4&#8243; _module_preset=\u00bbdefault\u00bb global_colors_info=\u00bb{}\u00bb][et_pb_image src=\u00bbhttps:\/\/cardiofirstangel.fr\/wp-content\/uploads\/2023\/10\/noun-group-737669-3.png\u00bb alt=\u00bbicono de grupo de personas\u00bb title_text=\u00bbicono-grupo-personas\u00bb align=\u00bbcenter\u00bb _builder_version=\u00bb4.22.2&#8243; _module_preset=\u00bbdefault\u00bb width=\u00bb55%\u00bb width_tablet=\u00bb40%\u00bb width_phone=\u00bb55%\u00bb width_last_edited=\u00bbon|tablet\u00bb global_colors_info=\u00bb{}\u00bb][\/et_pb_image][et_pb_text _builder_version=\u00bb4.20.4&#8243; _module_preset=\u00bbdefault\u00bb header_3_font=\u00bbOswald|600||on|||||\u00bb header_3_font_size=\u00bb30px\u00bb header_3_line_height=\u00bb0.8em\u00bb custom_margin=\u00bb||0px|||\u00bb global_colors_info=\u00bb{}\u00bb]<\/p>\n<h3 style=\"text-align: center\"><span style=\"color: #d80505\">50&#8217;000<\/span><\/h3>\n<h3 style=\"text-align: center\"><span style=\"font-size: x-large\">V\u00edctimas<\/span><\/h3>\n<p>[\/et_pb_text][et_pb_text _builder_version=\u00bb4.20.4&#8243; _module_preset=\u00bbdefault\u00bb text_font=\u00bbLato||||||||\u00bb text_font_size=\u00bb15px\u00bb global_colors_info=\u00bb{}\u00bb]<\/p>\n<p style=\"text-align: center\">La parada card\u00edaca es la interrupci\u00f3n brusca y repentina de los latidos del coraz\u00f3n. En Espa\u00f1a mueren 50.000 personas al a\u00f1o: es decir, 10 veces m\u00e1s que las muertes por accidentes de tr\u00e1fico.<\/p>\n<p>[\/et_pb_text][\/et_pb_column][et_pb_column type=\u00bb1_3&#8243; _builder_version=\u00bb4.20.4&#8243; _module_preset=\u00bbdefault\u00bb global_colors_info=\u00bb{}\u00bb][et_pb_image src=\u00bbhttps:\/\/cardiofirstangel.fr\/wp-content\/uploads\/2023\/10\/noun-stopwatch-4717646-2.png\u00bb alt=\u00bbicono del crono.\u00bb title_text=\u00bbnoun-stopwatch-4717646-2&#8243; align=\u00bbcenter\u00bb _builder_version=\u00bb4.24.0&#8243; _module_preset=\u00bbdefault\u00bb width=\u00bb55%\u00bb width_tablet=\u00bb40%\u00bb width_phone=\u00bb55%\u00bb width_last_edited=\u00bbon|tablet\u00bb global_colors_info=\u00bb{}\u00bb][\/et_pb_image][et_pb_text _builder_version=\u00bb4.20.4&#8243; _module_preset=\u00bbdefault\u00bb header_3_font=\u00bbOswald|600||on|||||\u00bb header_3_font_size=\u00bb30px\u00bb header_3_line_height=\u00bb0.8em\u00bb custom_margin=\u00bb||0px|||\u00bb global_colors_info=\u00bb{}\u00bb]<\/p>\n<h3 style=\"text-align: center\"><span style=\"color: #d80505\">&#8211; 10 %<\/span><\/h3>\n<h3 style=\"text-align: center\"><span style=\"font-size: x-large\">posibilidades de supervivencia<\/span><\/h3>\n<p>[\/et_pb_text][et_pb_text _builder_version=\u00bb4.20.4&#8243; _module_preset=\u00bbdefault\u00bb text_font=\u00bbLato||||||||\u00bb text_font_size=\u00bb15px\u00bb global_colors_info=\u00bb{}\u00bb]<\/p>\n<p style=\"text-align: center\">Tras 5 minutos de parada cardiaca, si no se hace nada, el da\u00f1o cerebral es irreversible. Cada minuto que pasa reduce tus posibilidades de supervivencia en un 10%.<\/p>\n<p>[\/et_pb_text][\/et_pb_column][et_pb_column type=\u00bb1_3&#8243; _builder_version=\u00bb4.20.4&#8243; _module_preset=\u00bbdefault\u00bb global_colors_info=\u00bb{}\u00bb][et_pb_image src=\u00bbhttps:\/\/cardiofirstangel.fr\/wp-content\/uploads\/2023\/10\/noun-first-aid-kit-5087719-2.png\u00bb alt=\u00bbicono de botiqu\u00edn.\u00bb title_text=\u00bbicono botiqu\u00edn\u00bb align=\u00bbcenter\u00bb _builder_version=\u00bb4.24.0&#8243; _module_preset=\u00bbdefault\u00bb width=\u00bb55%\u00bb width_tablet=\u00bb40%\u00bb width_phone=\u00bb55%\u00bb width_last_edited=\u00bbon|tablet\u00bb global_colors_info=\u00bb{}\u00bb][\/et_pb_image][et_pb_text _builder_version=\u00bb4.20.4&#8243; _module_preset=\u00bbdefault\u00bb header_3_font=\u00bbOswald|600||on|||||\u00bb header_3_font_size=\u00bb30px\u00bb header_3_line_height=\u00bb0.8em\u00bb custom_margin=\u00bb||0px|||\u00bb global_colors_info=\u00bb{}\u00bb]<\/p>\n<h3 style=\"text-align: center\"><span style=\"color: #d80505\">80 %<\/span><\/h3>\n<h3 style=\"text-align: center\"><span style=\"font-size: x-large\">supervivientes<\/span><\/h3>\n<p>[\/et_pb_text][et_pb_text _builder_version=\u00bb4.20.4&#8243; _module_preset=\u00bbdefault\u00bb text_font=\u00bbLato||||||||\u00bb text_font_size=\u00bb15px\u00bb global_colors_info=\u00bb{}\u00bb]<\/p>\n<p style=\"text-align: center\">4 de cada 5 v\u00edctimas que sobreviven a una parada cardiaca recibieron tratamiento de primeros auxilios del primer testigo.<\/p>\n<p>[\/et_pb_text][\/et_pb_column][\/et_pb_row][\/et_pb_section][et_pb_section fb_built=\u00bb1&#8243; _builder_version=\u00bb4.22.2&#8243; _module_preset=\u00bbdefault\u00bb background_color=\u00bb#f4f4f4&#8243; custom_padding=\u00bb18px||35px|||\u00bb global_colors_info=\u00bb{}\u00bb][et_pb_row column_structure=\u00bb2_5,3_5&#8243; _builder_version=\u00bb4.20.4&#8243; background_size=\u00bbinitial\u00bb background_position=\u00bbtop_left\u00bb background_repeat=\u00bbrepeat\u00bb custom_margin=\u00bb-4px|auto||auto|false|false\u00bb custom_padding=\u00bb||4px||false|false\u00bb global_colors_info=\u00bb{}\u00bb][et_pb_column type=\u00bb2_5&#8243; _builder_version=\u00bb4.16&#8243; custom_padding=\u00bb|||\u00bb global_colors_info=\u00bb{}\u00bb custom_padding__hover=\u00bb|||\u00bb][et_pb_slider use_bg_overlay=\u00bboff\u00bb use_text_overlay=\u00bboff\u00bb arrows_custom_color=\u00bb#636363&#8243; dot_nav_custom_color=\u00bb#636363&#8243; _builder_version=\u00bb4.22.2&#8243; min_height=\u00bb494px\u00bb hover_transition_duration=\u00bb100ms\u00bb hover_transition_delay=\u00bb50ms\u00bb global_colors_info=\u00bb{}\u00bb][et_pb_slide _builder_version=\u00bb4.22.2&#8243; background_enable_color=\u00bboff\u00bb background_image=\u00bbhttps:\/\/cardiofirstangel.fr\/wp-content\/uploads\/2023\/10\/Design_sans_titre_AdobeExpress.gif\u00bb background_enable_image=\u00bbon\u00bb global_colors_info=\u00bb{}\u00bb sticky_transition=\u00bbon\u00bb][\/et_pb_slide][et_pb_slide _builder_version=\u00bb4.22.2&#8243; _module_preset=\u00bbdefault\u00bb background_enable_color=\u00bboff\u00bb background_image=\u00bbhttps:\/\/cardiofirstangel.fr\/wp-content\/uploads\/2023\/10\/V2-1.png\u00bb background_enable_image=\u00bbon\u00bb global_colors_info=\u00bb{}\u00bb sticky_transition=\u00bbon\u00bb][\/et_pb_slide][et_pb_slide _builder_version=\u00bb4.22.2&#8243; _module_preset=\u00bbdefault\u00bb background_enable_color=\u00bboff\u00bb background_image=\u00bbhttps:\/\/cardiofirstangel.fr\/wp-content\/uploads\/2023\/10\/Sans-titre-e1696876860445.png\u00bb background_enable_image=\u00bbon\u00bb global_colors_info=\u00bb{}\u00bb sticky_transition=\u00bbon\u00bb][\/et_pb_slide][\/et_pb_slider][\/et_pb_column][et_pb_column type=\u00bb3_5&#8243; _builder_version=\u00bb4.16&#8243; custom_padding=\u00bb|||\u00bb global_colors_info=\u00bb{}\u00bb custom_padding__hover=\u00bb|||\u00bb][et_pb_text _builder_version=\u00bb4.20.4&#8243; text_font=\u00bbLato||||||||\u00bb text_font_size=\u00bb16px\u00bb text_line_height=\u00bb1.8em\u00bb background_size=\u00bbinitial\u00bb background_position=\u00bbtop_left\u00bb background_repeat=\u00bbrepeat\u00bb custom_margin=\u00bb-12px||||false|false\u00bb custom_padding=\u00bb0px|||||\u00bb global_colors_info=\u00bb{}\u00bb]<\/p>\n<p style=\"text-align: justify;\">Por lo tanto, es necesario actuar, actuar con urgencia, sin aprensi\u00f3n y con eficacia.<\/p>\n<p style=\"text-align: justify;\">El <strong>Cardio First Angel <\/strong>te libera de ese miedo y te permite realizar una RCP eficaz de acuerdo con las normas ERC.<\/p>\n<p style=\"text-align: justify;\">El <strong>Cardio First Angel<\/strong> <span>es<\/span> <b>f\u00e1cil de usar:<\/b><span>No es necesaria formaci\u00f3n previa: basta con echar un vistazo a los pictogramas de la parte superior del aparato para entender c\u00f3mo utilizarlo. \u00a1Todo el mundo puede hacerlo!  <\/span><\/p>\n<p style=\"text-align: justify;\">El <strong>Cardio First Angel <\/strong>permite una <b>RCP eficaz <\/b>en cualquier persona <strong>mayor de 16 a\u00f1os<\/strong>, gracias a:<\/p>\n<ul style=\"text-align: justify;\">\n<li>una buena colocaci\u00f3n: su forma particular facilita el posicionamiento correcto en el tercio inferior del estern\u00f3n de la victima.<\/li>\n<li>una buena posici\u00f3n de las manos: la ergonom\u00eda de su bot\u00f3n facilita el correcto posicionamiento de las manos para lograr una buena presi\u00f3n, <strong>sin contacto directo con la victima.<\/strong><\/li>\n<li>una buena presi\u00f3n: un sonido de \u00abclic\u00bb indica que se ha alcanzado la fuerza de compresi\u00f3n (hundimiento del t\u00f3rax de 5 a 6 cm). Suelta para descomprimir hasta que oigas un \u00abclic\u00bb.<\/li>\n<li>una buena frecuencia: al final de la descompresi\u00f3n, se oye un \u00abclac\u00bb, que indica que se puede realizar una nueva compresi\u00f3n, a un ritmo de 100 a 120 compresiones\/min.<\/li>\n<\/ul>\n<p>[\/et_pb_text][\/et_pb_column][\/et_pb_row][et_pb_row _builder_version=\u00bb4.20.4&#8243; background_size=\u00bbinitial\u00bb background_position=\u00bbtop_left\u00bb background_repeat=\u00bbrepeat\u00bb custom_margin=\u00bb0px|auto|0px|auto|false|false\u00bb custom_padding=\u00bb0px||5px|||\u00bb global_colors_info=\u00bb{}\u00bb][et_pb_column type=\u00bb4_4&#8243; _builder_version=\u00bb4.16&#8243; custom_padding=\u00bb|||\u00bb global_colors_info=\u00bb{}\u00bb custom_padding__hover=\u00bb|||\u00bb][et_pb_button button_url=\u00bbhttps:\/\/cardiofirstangel.fr\/es\/tienda\/\u00bb button_text=\u00bbPide el tuyo\u00bb button_alignment=\u00bbcenter\u00bb _builder_version=\u00bb4.20.4&#8243; custom_button=\u00bbon\u00bb button_text_size=\u00bb17px\u00bb button_text_color=\u00bb#ffffff\u00bb button_bg_color=\u00bb#c6271b\u00bb button_border_width=\u00bb6px\u00bb button_border_color=\u00bb#c92216&#8243; button_border_radius=\u00bb5px\u00bb button_font=\u00bbLato||||||||\u00bb button_icon=\u00bb&#x35;||divi||400&#8243; button_icon_color=\u00bb#ffffff\u00bb background_layout=\u00bbdark\u00bb custom_margin=\u00bb0px||||false|false\u00bb button_bg_color_last_edited=\u00bboff|desktop\u00bb global_colors_info=\u00bb{}\u00bb button_bg_color__hover_enabled=\u00bboff|desktop\u00bb][\/et_pb_button][\/et_pb_column][\/et_pb_row][\/et_pb_section][et_pb_section fb_built=\u00bb1&#8243; _builder_version=\u00bb4.20.4&#8243; _module_preset=\u00bbdefault\u00bb custom_padding=\u00bb25px|||||\u00bb global_colors_info=\u00bb{}\u00bb][et_pb_row _builder_version=\u00bb4.20.4&#8243; background_size=\u00bbinitial\u00bb background_position=\u00bbtop_left\u00bb background_repeat=\u00bbrepeat\u00bb custom_margin=\u00bbauto|auto|auto|auto|true|false\u00bb custom_padding=\u00bb0px||6px||false|false\u00bb global_colors_info=\u00bb{}\u00bb][et_pb_column type=\u00bb4_4&#8243; _builder_version=\u00bb4.16&#8243; custom_padding=\u00bb|||\u00bb global_colors_info=\u00bb{}\u00bb custom_padding__hover=\u00bb|||\u00bb][et_pb_text _builder_version=\u00bb4.20.4&#8243; text_font=\u00bbLato||||||||\u00bb text_font_size=\u00bb16px\u00bb background_size=\u00bbinitial\u00bb background_position=\u00bbtop_left\u00bb background_repeat=\u00bbrepeat\u00bb custom_margin=\u00bbauto||auto||false|false\u00bb custom_padding=\u00bb0px|||||\u00bb global_colors_info=\u00bb{}\u00bb]<\/p>\n<ul style=\"text-align: justify\"><\/ul>\n<p style=\"text-align: justify\"><span>Despu\u00e9s de varios a\u00f1os en el mercado con nuestro dispositivo de ayuda para la RCP, hemos escuchado vuestros comentarios y desarrollado una versi\u00f3n 2 del Cardio First Angel. <\/span><\/p>\n<p style=\"text-align: justify\"><span>Aqu\u00ed est\u00e1n las diferencias entre estas dos versiones:<\/span><\/p>\n<p>[\/et_pb_text][\/et_pb_column][\/et_pb_row][et_pb_row column_structure=\u00bb1_2,1_2&#8243; _builder_version=\u00bb4.20.4&#8243; _module_preset=\u00bbdefault\u00bb custom_margin=\u00bb||10px||false|false\u00bb custom_padding=\u00bb||0px|||\u00bb global_colors_info=\u00bb{}\u00bb][et_pb_column type=\u00bb1_2&#8243; _builder_version=\u00bb4.20.4&#8243; _module_preset=\u00bbdefault\u00bb global_colors_info=\u00bb{}\u00bb][et_pb_text _builder_version=\u00bb4.21.0&#8243; _module_preset=\u00bbdefault\u00bb header_2_font=\u00bbOswald|600||on|||||\u00bb header_2_text_align=\u00bbcenter\u00bb background_color=\u00bb#d8d8d8&#8243; custom_margin=\u00bb||0px|||\u00bb custom_padding=\u00bb10px||2px||false|false\u00bb border_color_all=\u00bb#a0a0a0&#8243; global_colors_info=\u00bb{}\u00bb]<\/p>\n<h2>Cardio First Angel V1<\/h2>\n<p>[\/et_pb_text][et_pb_text _builder_version=\u00bb4.20.4&#8243; _module_preset=\u00bbdefault\u00bb text_font=\u00bbLato||||||||\u00bb text_font_size=\u00bb15px\u00bb custom_padding=\u00bb15px|19px|3px|18px|false|false\u00bb border_width_all=\u00bb1px\u00bb global_colors_info=\u00bb{}\u00bb]<\/p>\n<ul>\n<li>Bot\u00f3n rojo<\/li>\n<li><strong>M\u00e1s fuerza<\/strong> necesaria para realizar la compresi\u00f3n<\/li>\n<li>Caja de protecci\u00f3n roja opaca<\/li>\n<\/ul>\n<p>[\/et_pb_text][et_pb_button button_url=\u00bbhttps:\/\/cardiofirstangel.fr\/es\/produit\/cardio-first-angel-v1\/\u00bb button_text=\u00bbPedir la V1&#8243; button_alignment=\u00bbcenter\u00bb _builder_version=\u00bb4.20.4&#8243; _module_preset=\u00bbdefault\u00bb custom_button=\u00bbon\u00bb button_text_size=\u00bb16px\u00bb button_text_color=\u00bb#FFFFFF\u00bb button_bg_color=\u00bb#d80505&#8243; button_border_width=\u00bb5px\u00bb button_border_color=\u00bb#d80505&#8243; button_font=\u00bbLato|700||on|||||\u00bb global_colors_info=\u00bb{}\u00bb][\/et_pb_button][\/et_pb_column][et_pb_column type=\u00bb1_2&#8243; _builder_version=\u00bb4.20.4&#8243; _module_preset=\u00bbdefault\u00bb global_colors_info=\u00bb{}\u00bb][et_pb_text _builder_version=\u00bb4.20.4&#8243; _module_preset=\u00bbdefault\u00bb header_2_font=\u00bbOswald|600||on|||||\u00bb header_2_text_align=\u00bbcenter\u00bb background_color=\u00bb#d8d8d8&#8243; custom_margin=\u00bb||0px|||\u00bb custom_padding=\u00bb10px||2px||false|false\u00bb border_color_all=\u00bb#a0a0a0&#8243; global_colors_info=\u00bb{}\u00bb]<\/p>\n<h2>Cardio First Angel V2<\/h2>\n<p>[\/et_pb_text][et_pb_text _builder_version=\u00bb4.20.4&#8243; _module_preset=\u00bbdefault\u00bb text_font=\u00bbLato||||||||\u00bb text_font_size=\u00bb15px\u00bb custom_padding=\u00bb15px|19px|3px|18px|false|false\u00bb border_width_all=\u00bb1px\u00bb global_colors_info=\u00bb{}\u00bb]<\/p>\n<ul>\n<li>Bot\u00f3n amarillo, se\u00f1alizaci\u00f3n m\u00e1s visible en el bot\u00f3n<\/li>\n<li><strong>Menos fuerza<\/strong> necesaria para realizar la compresi\u00f3n<\/li>\n<li>Caja de protecci\u00f3n transparente<\/li>\n<\/ul>\n<p>[\/et_pb_text][et_pb_button button_url=\u00bbhttps:\/\/cardiofirstangel.fr\/es\/produit\/cardio-primer-angel-v2\/\u00bb button_text=\u00bbPedir la V2&#8243; button_alignment=\u00bbcenter\u00bb _builder_version=\u00bb4.20.4&#8243; _module_preset=\u00bbdefault\u00bb custom_button=\u00bbon\u00bb button_text_size=\u00bb16px\u00bb button_text_color=\u00bb#FFFFFF\u00bb button_bg_color=\u00bb#d80505&#8243; button_border_width=\u00bb5px\u00bb button_border_color=\u00bb#d80505&#8243; button_font=\u00bbLato|700||on|||||\u00bb global_colors_info=\u00bb{}\u00bb][\/et_pb_button][\/et_pb_column][\/et_pb_row][et_pb_row _builder_version=\u00bb4.20.4&#8243; background_size=\u00bbinitial\u00bb background_position=\u00bbtop_left\u00bb background_repeat=\u00bbrepeat\u00bb custom_margin=\u00bbauto|auto|auto|auto|true|false\u00bb custom_padding=\u00bb0px||||false|false\u00bb global_colors_info=\u00bb{}\u00bb][et_pb_column type=\u00bb4_4&#8243; _builder_version=\u00bb4.16&#8243; custom_padding=\u00bb|||\u00bb global_colors_info=\u00bb{}\u00bb custom_padding__hover=\u00bb|||\u00bb][et_pb_text _builder_version=\u00bb4.20.4&#8243; text_font=\u00bbLato||||||||\u00bb text_font_size=\u00bb16px\u00bb background_size=\u00bbinitial\u00bb background_position=\u00bbtop_left\u00bb background_repeat=\u00bbrepeat\u00bb custom_margin=\u00bbauto||auto||false|false\u00bb custom_padding=\u00bb0px|||||\u00bb global_colors_info=\u00bb{}\u00bb]<\/p>\n<ul style=\"text-align: justify\"><\/ul>\n<p><span>Si deseas saber m\u00e1s sobre el Cardio First Angel y hacer preguntas, podemos organizar una demostraci\u00f3n a trav\u00e9s de una cita en Zoom. No dudes en enviarnos una solicitud indicando tus disponibilidades. <\/span><\/p>\n<p>[\/et_pb_text][et_pb_button button_url=\u00bbhttps:\/\/cardiofirstangel.fr\/es\/cita-telefonica\/\u00bb button_text=\u00bbCita para demostraci\u00f3n en l\u00ednea\u00bb button_alignment=\u00bbcenter\u00bb _builder_version=\u00bb4.20.4&#8243; custom_button=\u00bbon\u00bb button_text_size=\u00bb15px\u00bb button_text_color=\u00bb#ffffff\u00bb button_bg_color=\u00bb#d80505&#8243; button_border_width=\u00bb5px\u00bb button_border_color=\u00bb#d80505&#8243; button_border_radius=\u00bb3px\u00bb button_font=\u00bbLato|700||on|||||\u00bb button_icon=\u00bb&#x35;||divi||400&#8243; button_icon_color=\u00bb#ffffff\u00bb background_layout=\u00bbdark\u00bb custom_margin=\u00bb27px||0px||false|false\u00bb button_bg_color_last_edited=\u00bboff|desktop\u00bb global_colors_info=\u00bb{}\u00bb button_bg_color__hover_enabled=\u00bboff|desktop\u00bb][\/et_pb_button][\/et_pb_column][\/et_pb_row][\/et_pb_section][et_pb_section fb_built=\u00bb1&#8243; _builder_version=\u00bb4.16&#8243; background_color=\u00bb#ededed\u00bb custom_padding=\u00bb45px|||||\u00bb global_colors_info=\u00bb{}\u00bb][et_pb_row column_structure=\u00bb1_2,1_2&#8243; _builder_version=\u00bb4.16&#8243; custom_margin=\u00bb-24px|auto||auto||\u00bb global_colors_info=\u00bb{}\u00bb][et_pb_column type=\u00bb1_2&#8243; _builder_version=\u00bb4.16&#8243; global_colors_info=\u00bb{}\u00bb][et_pb_video src=\u00bbhttps:\/\/www.youtube.com\/watch?v=LEv7eNQE_SE&amp;feature=emb_title\u00bb _builder_version=\u00bb4.16&#8243; global_colors_info=\u00bb{}\u00bb][\/et_pb_video][\/et_pb_column][et_pb_column type=\u00bb1_2&#8243; _builder_version=\u00bb4.16&#8243; global_colors_info=\u00bb{}\u00bb][et_pb_video src=\u00bbhttps:\/\/youtu.be\/_vLVzmtk7dU\u00bb image_src=\u00bbhttps:\/\/www.cardiofirstangel.fr\/\/wp-content\/uploads\/sites\/15653\/2020\/03\/Capture-d\u2019e\u0301cran-2020-03-24-a\u0300-19.07.22.png\u00bb thumbnail_overlay_color=\u00bbrgba(0,0,0,0.6)\u00bb _builder_version=\u00bb4.16&#8243; global_colors_info=\u00bb{}\u00bb][\/et_pb_video][\/et_pb_column][\/et_pb_row][\/et_pb_section]<\/p>\n","protected":false},"excerpt":{"rendered":"<p>Cardio First Angel50&#8217;000 V\u00edctimasLa parada card\u00edaca es la interrupci\u00f3n brusca y repentina de los latidos del coraz\u00f3n. En Espa\u00f1a mueren 50.000 personas al a\u00f1o: es decir, 10 veces m\u00e1s que las muertes por accidentes de tr\u00e1fico.- 10 % posibilidades de supervivenciaTras 5 minutos de parada cardiaca, si no se hace nada, el da\u00f1o cerebral es [&hellip;]<\/p>\n","protected":false},"author":2,"featured_media":0,"parent":0,"menu_order":1,"comment_status":"closed","ping_status":"closed","template":"","meta":{"_seopress_robots_primary_cat":"","_seopress_titles_title":"Cardio First Angel - Cardio First Angel","_seopress_titles_desc":"Descubre en detalle el Cardio First Angel, un dispositivo de ayuda para la RCP dise\u00f1ado para proporcionar una asistencia eficaz.","_seopress_robots_index":"","_et_pb_use_builder":"on","_et_pb_old_content":"","_et_gb_content_width":"","content-type":"","footnotes":""},"class_list":["post-29896","page","type-page","status-publish","hentry"],"jetpack_sharing_enabled":true,"_links":{"self":[{"href":"https:\/\/cardiofirstangel.fr\/es\/wp-json\/wp\/v2\/pages\/29896","targetHints":{"allow":["GET"]}}],"collection":[{"href":"https:\/\/cardiofirstangel.fr\/es\/wp-json\/wp\/v2\/pages"}],"about":[{"href":"https:\/\/cardiofirstangel.fr\/es\/wp-json\/wp\/v2\/types\/page"}],"author":[{"embeddable":true,"href":"https:\/\/cardiofirstangel.fr\/es\/wp-json\/wp\/v2\/users\/2"}],"replies":[{"embeddable":true,"href":"https:\/\/cardiofirstangel.fr\/es\/wp-json\/wp\/v2\/comments?post=29896"}],"version-history":[{"count":18,"href":"https:\/\/cardiofirstangel.fr\/es\/wp-json\/wp\/v2\/pages\/29896\/revisions"}],"predecessor-version":[{"id":30779,"href":"https:\/\/cardiofirstangel.fr\/es\/wp-json\/wp\/v2\/pages\/29896\/revisions\/30779"}],"wp:attachment":[{"href":"https:\/\/cardiofirstangel.fr\/es\/wp-json\/wp\/v2\/media?parent=29896"}],"curies":[{"name":"wp","href":"https:\/\/api.w.org\/{rel}","templated":true}]}}