{"id":29889,"date":"2023-10-09T17:52:06","date_gmt":"2023-10-09T15:52:06","guid":{"rendered":"https:\/\/cardiofirstangel.fr\/produit\/cardio-primer-angel-v1\/"},"modified":"2024-09-04T11:17:09","modified_gmt":"2024-09-04T09:17:09","slug":"cardio-first-angel-v1","status":"publish","type":"product","link":"https:\/\/cardiofirstangel.fr\/es\/produit\/cardio-first-angel-v1\/","title":{"rendered":"Cardio First Angel V1"},"content":{"rendered":"<p>[et_pb_section fb_built=\u00bb1&#8243; _builder_version=\u00bb4.16&#8243; custom_padding=\u00bb21px||||false|false\u00bb global_colors_info=\u00bb{}\u00bb da_is_popup=\u00bboff\u00bb da_exit_intent=\u00bboff\u00bb da_has_close=\u00bbon\u00bb da_alt_close=\u00bboff\u00bb da_dark_close=\u00bboff\u00bb da_not_modal=\u00bbon\u00bb da_is_singular=\u00bboff\u00bb da_with_loader=\u00bboff\u00bb da_has_shadow=\u00bbon\u00bb da_disable_devices=\u00bboff|off|off\u00bb][et_pb_row column_structure=\u00bb1_2,1_2&#8243; _builder_version=\u00bb4.16&#8243; background_size=\u00bbinitial\u00bb background_position=\u00bbtop_left\u00bb background_repeat=\u00bbrepeat\u00bb width=\u00bb100%\u00bb width_tablet=\u00bb100%\u00bb width_phone=\u00bb80%\u00bb width_last_edited=\u00bbon|phone\u00bb custom_padding=\u00bb0px||||false|false\u00bb global_colors_info=\u00bb{}\u00bb width__hover_enabled=\u00bbon|desktop\u00bb width__hover=\u00bb100%\u00bb][et_pb_column type=\u00bb1_2&#8243; _builder_version=\u00bb4.16&#8243; custom_padding=\u00bb|||\u00bb global_colors_info=\u00bb{}\u00bb custom_padding__hover=\u00bb|||\u00bb][et_pb_wc_images _builder_version=\u00bb4.16&#8243; global_colors_info=\u00bb{}\u00bb][\/et_pb_wc_images][\/et_pb_column][et_pb_column type=\u00bb1_2&#8243; _builder_version=\u00bb4.16&#8243; custom_padding=\u00bb|||\u00bb global_colors_info=\u00bb{}\u00bb custom_padding__hover=\u00bb|||\u00bb][et_pb_wc_title _builder_version=\u00bb4.16&#8243; header_font=\u00bbOswald|700||on|||||\u00bb header_font_size=\u00bb46px\u00bb custom_margin=\u00bb||4px|||\u00bb global_colors_info=\u00bb{}\u00bb][\/et_pb_wc_title][et_pb_text _builder_version=\u00bb4.16&#8243; _module_preset=\u00bbdefault\u00bb text_font=\u00bbLato||||||||\u00bb text_text_color=\u00bbrgba(94,94,94,0.82)\u00bb text_font_size=\u00bb17px\u00bb custom_margin=\u00bb0px||3px||false|false\u00bb custom_padding=\u00bb2px||19px||false|false\u00bb global_colors_info=\u00bb{}\u00bb]El asistente de masaje card\u00edaco<br \/>\n[\/et_pb_text][et_pb_text _builder_version=\u00bb4.24.2&#8243; _module_preset=\u00bbdefault\u00bb text_font=\u00bbOswald||||||||\u00bb text_text_color=\u00bb#E02B20&#8243; text_font_size=\u00bb30px\u00bb custom_margin=\u00bb||21px|||\u00bb global_colors_info=\u00bb{}\u00bb]<\/p>\n<p>95,50 \u20ac IVA INCL.<\/p>\n<p>[\/et_pb_text][et_pb_wc_add_to_cart admin_label=\u00bbWoo Ajouter au panier\u00bb _builder_version=\u00bb4.16&#8243; fields_background_color=\u00bb#efefef\u00bb fields_text_color=\u00bb#D80505&#8243; fields_focus_background_color=\u00bb#efefef\u00bb fields_focus_text_color=\u00bb#E02B20&#8243; field_label_font=\u00bbLato|700|||||||\u00bb fields_font=\u00bbLato||||||||\u00bb custom_button=\u00bbon\u00bb button_text_size=\u00bb18px\u00bb button_text_color=\u00bb#FFFFFF\u00bb button_bg_color=\u00bb#c80505&#8243; button_border_color=\u00bb#c80505&#8243; button_font=\u00bbLato||||||||\u00bb border_radii_fields=\u00bbon|2px|2px|2px|2px\u00bb border_width_all_fields=\u00bb2px\u00bb border_color_all_fields=\u00bbrgba(0,0,0,0)\u00bb body_font=\u00bbLato|700|||||||\u00bb global_colors_info=\u00bb{}\u00bb button_text_color__hover_enabled=\u00bbon|hover\u00bb button_text_color__hover=\u00bb#c80505&#8243; button_bg_color__hover_enabled=\u00bbon|hover\u00bb button_bg_color__hover=\u00bb#FFFFFF\u00bb button_bg_enable_color__hover=\u00bbon\u00bb][\/et_pb_wc_add_to_cart][et_pb_wc_description _builder_version=\u00bb4.16&#8243; body_font=\u00bbLato||||||||\u00bb body_font_size=\u00bb16px\u00bb body_line_height=\u00bb1.9em\u00bb header_4_font=\u00bbLato|700|||||||\u00bb header_4_text_color=\u00bb#666666&#8243; header_5_font=\u00bbLato||||||||\u00bb header_5_text_color=\u00bb#E02B20&#8243; text_orientation=\u00bbjustified\u00bb global_colors_info=\u00bb{}\u00bb][\/et_pb_wc_description][et_pb_button button_url=\u00bbhttps:\/\/www.cardiofirstangel.fr\/devis\/\u00bb button_text=\u00bbPide un presupuesto\u00bb button_alignment=\u00bbcenter\u00bb _builder_version=\u00bb4.16&#8243; _module_preset=\u00bbdefault\u00bb custom_button=\u00bbon\u00bb button_text_size=\u00bb16px\u00bb button_text_color=\u00bb#c80505&#8243; button_bg_color=\u00bb#FFFFFF\u00bb button_border_width=\u00bb2px\u00bb button_border_color=\u00bb#D80505&#8243; button_font=\u00bbLato||||||||\u00bb custom_margin=\u00bb||42px|||\u00bb global_colors_info=\u00bb{}\u00bb][\/et_pb_button][\/et_pb_column][\/et_pb_row][et_pb_row _builder_version=\u00bb4.16&#8243; _module_preset=\u00bbdefault\u00bb global_colors_info=\u00bb{}\u00bb][et_pb_column type=\u00bb4_4&#8243; _builder_version=\u00bb4.16&#8243; _module_preset=\u00bbdefault\u00bb global_colors_info=\u00bb{}\u00bb][et_pb_wc_tabs _builder_version=\u00bb4.16&#8243; _module_preset=\u00bbdefault\u00bb global_colors_info=\u00bb{}\u00bb][\/et_pb_wc_tabs][\/et_pb_column][\/et_pb_row][et_pb_row _builder_version=\u00bb4.16&#8243; _module_preset=\u00bbdefault\u00bb global_colors_info=\u00bb{}\u00bb][et_pb_column type=\u00bb4_4&#8243; _builder_version=\u00bb4.16&#8243; _module_preset=\u00bbdefault\u00bb global_colors_info=\u00bb{}\u00bb][et_pb_video src_webm=\u00bbhttps:\/\/www.cardiofirstangel.fr\/\/wp-content\/uploads\/sites\/15653\/2020\/05\/cfa-info-clip-short_VhFTk2qd.mp4&#8243; _builder_version=\u00bb4.16&#8243; _module_preset=\u00bbdefault\u00bb width=\u00bb50%\u00bb width_tablet=\u00bb\u00bb width_phone=\u00bb0%\u00bb width_last_edited=\u00bbon|phone\u00bb max_width_tablet=\u00bb\u00bb max_width_phone=\u00bb0%\u00bb max_width_last_edited=\u00bbon|phone\u00bb module_alignment=\u00bbcenter\u00bb global_colors_info=\u00bb{}\u00bb][\/et_pb_video][\/et_pb_column][\/et_pb_row][et_pb_row _builder_version=\u00bb4.16&#8243; _module_preset=\u00bbdefault\u00bb global_colors_info=\u00bb{}\u00bb][et_pb_column type=\u00bb4_4&#8243; _builder_version=\u00bb4.16&#8243; _module_preset=\u00bbdefault\u00bb global_colors_info=\u00bb{}\u00bb][et_pb_wc_related_products _builder_version=\u00bb4.16&#8243; _module_preset=\u00bbdefault\u00bb title_font=\u00bbOswald|||on|||||\u00bb title_font_size=\u00bb30px\u00bb product_title_font=\u00bbLato|700|||||||\u00bb product_title_font_size=\u00bb20px\u00bb product_title_line_height=\u00bb1.2em\u00bb price_font=\u00bbLato||||||||\u00bb price_font_size=\u00bb16px\u00bb global_colors_info=\u00bb{}\u00bb][\/et_pb_wc_related_products][\/et_pb_column][\/et_pb_row][\/et_pb_section]<\/p>\n","protected":false},"excerpt":{"rendered":"<div class=\"elementor-element elementor-element-3acfca70 elementor-widget elementor-widget-woocommerce-product-short-description\" data-id=\"3acfca70\" data-element_type=\"widget\" data-widget_type=\"woocommerce-product-short-description.default\">\n<div class=\"elementor-widget-container\">\n<div class=\"woocommerce-product-details__short-description\">\n<p>El <strong>Cardio First Angel<\/strong> te ayuda a actuar con eficacia de inmediato, incluso sin entrenamiento, mientras esperas ayuda. El <strong>Cardio First Angel<\/strong>, <strong>f\u00e1cil de usar<\/strong>, te permite realizar un <strong>masaje eficaz<\/strong> de acuerdo con las normas del ERC utilizadas en el entrenamiento, <strong>sin ninguna aprensi\u00f3n<\/strong>.<\/p>\n<p>\u00a1Trabajemos juntos para salvar vidas!<\/p>\n<\/div>\n<\/div>\n<\/div>\n<div class=\"elementor-element elementor-element-9d24d73 elementor-widget elementor-widget-text-editor\" data-id=\"9d24d73\" data-element_type=\"widget\" data-widget_type=\"text-editor.default\">\n<div class=\"elementor-widget-container\">\n<div class=\"elementor-text-editor elementor-clearfix\"><strong><br \/>\nPara pedidos de m\u00e1s de 10 unidades o para entregas fuera de Francia continental o de la Pen\u00ednsula Ib\u00e9rica, p\u00eddenos presupuesto.<\/strong><\/div>\n<\/div>\n<\/div>\n","protected":false},"featured_media":31045,"comment_status":"open","ping_status":"closed","template":"","meta":{"_seopress_robots_primary_cat":"none","_seopress_titles_title":"Cardio FIrst Angel V1 - Tienda","_seopress_titles_desc":"Cardio First Angel V1: un dispositivo sencillo para realizar RCP eficazmente mientras se espera ayuda de emergencia. \u00a1P\u00eddelo ahora!","_seopress_robots_index":"","_et_pb_use_builder":"on","_et_pb_old_content":"<strong>Caracter\u00edsticas :<\/strong>\r\n<ul>\r\n \t<li>S\u00f3lo puede utilizarse sobre v\u00edctimas mayores de 16 a\u00f1os<\/li>\r\n \t<li>No requiere formaci\u00f3n<\/li>\r\n \t<li>Puedes turnarte f\u00e1cilmente<\/li>\r\n \t<li>El complemento perfecto para un desfibrilador<\/li>\r\n \t<li>Peque\u00f1o y ligero, te acompa\u00f1a a todas partes (bolso, guantera, etc.)<\/li>\r\n \t<li>100% mec\u00e1nico: sin pilas, sin mantenimiento<\/li>\r\n \t<li>2 a\u00f1os de garant\u00eda y 7 a\u00f1os de uso<\/li>\r\n<\/ul>\r\n<strong>Enviar a<\/strong>\r\n<strong>Francia metropolitana y Pen\u00ednsula Ib\u00e9rica:<\/strong> gastos de env\u00edo incluidos. <strong>Resto de Europa: <\/strong>gastos de env\u00edo a tanto alzado de 8 \u20ac.\r\n\r\nEs posible que tengas que pagar derechos de aduana y de importaci\u00f3n por tu paquete en funci\u00f3n del pa\u00eds de entrega (por ejemplo, un pa\u00eds no perteneciente a la UE). Si tu paquete est\u00e1 sujeto a esto, la persona que lo recibe es responsable de gestionar los tr\u00e1mites y cubrir estos costes.","_et_gb_content_width":"","content-type":""},"product_brand":[],"product_cat":[55],"product_tag":[],"class_list":{"0":"post-29889","1":"product","2":"type-product","3":"status-publish","4":"has-post-thumbnail","6":"product_cat-sin-categorizar","8":"first","9":"instock","10":"taxable","11":"shipping-taxable","12":"purchasable","13":"product-type-simple"},"jetpack_sharing_enabled":true,"_links":{"self":[{"href":"https:\/\/cardiofirstangel.fr\/es\/wp-json\/wp\/v2\/product\/29889","targetHints":{"allow":["GET"]}}],"collection":[{"href":"https:\/\/cardiofirstangel.fr\/es\/wp-json\/wp\/v2\/product"}],"about":[{"href":"https:\/\/cardiofirstangel.fr\/es\/wp-json\/wp\/v2\/types\/product"}],"replies":[{"embeddable":true,"href":"https:\/\/cardiofirstangel.fr\/es\/wp-json\/wp\/v2\/comments?post=29889"}],"wp:featuredmedia":[{"embeddable":true,"href":"https:\/\/cardiofirstangel.fr\/es\/wp-json\/wp\/v2\/media\/31045"}],"wp:attachment":[{"href":"https:\/\/cardiofirstangel.fr\/es\/wp-json\/wp\/v2\/media?parent=29889"}],"wp:term":[{"taxonomy":"product_brand","embeddable":true,"href":"https:\/\/cardiofirstangel.fr\/es\/wp-json\/wp\/v2\/product_brand?post=29889"},{"taxonomy":"product_cat","embeddable":true,"href":"https:\/\/cardiofirstangel.fr\/es\/wp-json\/wp\/v2\/product_cat?post=29889"},{"taxonomy":"product_tag","embeddable":true,"href":"https:\/\/cardiofirstangel.fr\/es\/wp-json\/wp\/v2\/product_tag?post=29889"}],"curies":[{"name":"wp","href":"https:\/\/api.w.org\/{rel}","templated":true}]}}