{"id":29960,"date":"2023-10-09T17:52:06","date_gmt":"2023-10-09T15:52:06","guid":{"rendered":"https:\/\/cardiofirstangel.fr\/produit\/kit-de-formacion\/"},"modified":"2024-09-04T11:18:05","modified_gmt":"2024-09-04T09:18:05","slug":"kit-de-entrenamiento","status":"publish","type":"product","link":"https:\/\/cardiofirstangel.fr\/es\/produit\/kit-de-entrenamiento\/","title":{"rendered":"Kit de formaci\u00f3n"},"content":{"rendered":"<p>[et_pb_section fb_built=\u00bb1&#8243; _builder_version=\u00bb4.16&#8243; custom_padding=\u00bb0px||||false|false\u00bb global_colors_info=\u00bb{}\u00bb da_is_popup=\u00bboff\u00bb da_exit_intent=\u00bboff\u00bb da_has_close=\u00bbon\u00bb da_alt_close=\u00bboff\u00bb da_dark_close=\u00bboff\u00bb da_not_modal=\u00bbon\u00bb da_is_singular=\u00bboff\u00bb da_with_loader=\u00bboff\u00bb da_has_shadow=\u00bbon\u00bb da_disable_devices=\u00bboff|off|off\u00bb][et_pb_row _builder_version=\u00bb4.16&#8243; background_size=\u00bbinitial\u00bb background_position=\u00bbtop_left\u00bb background_repeat=\u00bbrepeat\u00bb width=\u00bb100%\u00bb width_tablet=\u00bb100%\u00bb width_phone=\u00bb80%\u00bb width_last_edited=\u00bbon|phone\u00bb custom_padding=\u00bb28px||0px||false|false\u00bb global_colors_info=\u00bb{}\u00bb][et_pb_column type=\u00bb4_4&#8243; _builder_version=\u00bb4.16&#8243; custom_padding=\u00bb|||\u00bb global_colors_info=\u00bb{}\u00bb custom_padding__hover=\u00bb|||\u00bb][et_pb_wc_cart_notice _builder_version=\u00bb4.16&#8243; global_colors_info=\u00bb{}\u00bb][\/et_pb_wc_cart_notice][\/et_pb_column][\/et_pb_row][et_pb_row column_structure=\u00bb1_2,1_2&#8243; custom_padding_last_edited=\u00bbon|desktop\u00bb _builder_version=\u00bb4.16&#8243; background_size=\u00bbinitial\u00bb background_position=\u00bbtop_left\u00bb background_repeat=\u00bbrepeat\u00bb width=\u00bb100%\u00bb width_tablet=\u00bb100%\u00bb width_phone=\u00bb80%\u00bb width_last_edited=\u00bbon|phone\u00bb custom_padding=\u00bb34px||||false|false\u00bb custom_padding_tablet=\u00bb20px||||false|false\u00bb custom_padding_phone=\u00bb20px||||false|false\u00bb global_colors_info=\u00bb{}\u00bb][et_pb_column type=\u00bb1_2&#8243; _builder_version=\u00bb4.16&#8243; custom_padding=\u00bb|||\u00bb global_colors_info=\u00bb{}\u00bb custom_padding__hover=\u00bb|||\u00bb][et_pb_wc_images _builder_version=\u00bb4.16&#8243; custom_margin=\u00bb|57px||||\u00bb custom_margin_tablet=\u00bb|57px||||\u00bb custom_margin_phone=\u00bb16px|13px|||false|false\u00bb custom_margin_last_edited=\u00bbon|phone\u00bb custom_padding=\u00bb|||99px||\u00bb custom_padding_tablet=\u00bb|||99px||\u00bb custom_padding_phone=\u00bb|||13px|false|false\u00bb custom_padding_last_edited=\u00bbon|phone\u00bb global_colors_info=\u00bb{}\u00bb][\/et_pb_wc_images][\/et_pb_column][et_pb_column type=\u00bb1_2&#8243; _builder_version=\u00bb4.16&#8243; custom_padding=\u00bb|||\u00bb global_colors_info=\u00bb{}\u00bb custom_padding__hover=\u00bb|||\u00bb][et_pb_wc_title _builder_version=\u00bb4.16&#8243; header_font=\u00bbOswald|700||on|||||\u00bb header_font_size=\u00bb45px\u00bb global_colors_info=\u00bb{}\u00bb][\/et_pb_wc_title][et_pb_wc_price _builder_version=\u00bb4.16&#8243; body_font=\u00bbOswald|500|||||||\u00bb body_font_size=\u00bb28px\u00bb custom_margin=\u00bb||18px|||\u00bb global_colors_info=\u00bb{}\u00bb][\/et_pb_wc_price][et_pb_wc_add_to_cart _builder_version=\u00bb4.16&#8243; fields_text_color=\u00bb#E02B20&#8243; fields_font=\u00bbLato|600|||||||\u00bb custom_button=\u00bbon\u00bb button_text_size=\u00bb18px\u00bb button_text_color=\u00bb#FFFFFF\u00bb button_bg_color=\u00bb#c80505&#8243; button_border_color=\u00bb#c80505&#8243; button_font=\u00bbLato||||||||\u00bb button_icon=\u00bb&#x35;||divi||400&#8243; global_colors_info=\u00bb{}\u00bb button_text_color__hover_enabled=\u00bbon|hover\u00bb button_text_color__hover=\u00bb#c80505&#8243; button_bg_color__hover_enabled=\u00bbon|hover\u00bb button_bg_color__hover=\u00bb#FFFFFF\u00bb button_bg_enable_color__hover=\u00bbon\u00bb][\/et_pb_wc_add_to_cart][et_pb_wc_description _builder_version=\u00bb4.16&#8243; body_font=\u00bbLato||||||||\u00bb body_font_size=\u00bb16px\u00bb body_line_height=\u00bb1.9em\u00bb text_orientation=\u00bbjustified\u00bb custom_padding=\u00bb|19px||||\u00bb global_colors_info=\u00bb{}\u00bb][\/et_pb_wc_description][\/et_pb_column][\/et_pb_row][et_pb_row _builder_version=\u00bb4.16&#8243; background_size=\u00bbinitial\u00bb background_position=\u00bbtop_left\u00bb background_repeat=\u00bbrepeat\u00bb width=\u00bb100%\u00bb global_colors_info=\u00bb{}\u00bb][et_pb_column type=\u00bb4_4&#8243; _builder_version=\u00bb4.16&#8243; custom_padding=\u00bb|||\u00bb global_colors_info=\u00bb{}\u00bb custom_padding__hover=\u00bb|||\u00bb][et_pb_wc_tabs _builder_version=\u00bb4.16&#8243; width_tablet=\u00bb\u00bb width_phone=\u00bb84%\u00bb width_last_edited=\u00bbon|phone\u00bb module_alignment_tablet=\u00bb\u00bb module_alignment_phone=\u00bbcenter\u00bb module_alignment_last_edited=\u00bbon|phone\u00bb global_colors_info=\u00bb{}\u00bb]\t\t\t\t\t[\/et_pb_wc_tabs][et_pb_wc_upsells _builder_version=\u00bb4.16&#8243; global_colors_info=\u00bb{}\u00bb][\/et_pb_wc_upsells][et_pb_wc_related_products _builder_version=\u00bb4.16&#8243; title_font=\u00bbOswald|||on|||||\u00bb product_title_font=\u00bbLato||||||||\u00bb product_title_font_size=\u00bb25px\u00bb product_title_line_height=\u00bb1.1em\u00bb price_font=\u00bbLato||||||||\u00bb price_font_size=\u00bb16px\u00bb width_tablet=\u00bb\u00bb width_phone=\u00bb80%\u00bb width_last_edited=\u00bbon|phone\u00bb module_alignment_tablet=\u00bb\u00bb module_alignment_phone=\u00bbcenter\u00bb module_alignment_last_edited=\u00bbon|phone\u00bb global_colors_info=\u00bb{}\u00bb][\/et_pb_wc_related_products][\/et_pb_column][\/et_pb_row][\/et_pb_section]<\/p>\n","protected":false},"excerpt":{"rendered":"<p>El masaje card\u00edaco es un procedimiento t\u00e9cnico y agotador. Incluso despu\u00e9s de tu formaci\u00f3n en primeros auxilios, \u00a1sigue practicando el masaje card\u00edaco en casa! Cualquiera puede practicar con el Cardio First Angel. Recuerda que el 70% de las paradas cardiacas se producen en casa, as\u00ed que es mejor estar preparado.<\/p>\n<p>El <span id=\"4\">Cardio <\/span><span id=\"5\">First <\/span>Angel puede utilizarse para entrenar, pero tambi\u00e9n en situaciones de la vida real.<\/p>\n<p>El \u00abkit de entrenamiento\u00bb incluye: un Cardio First Angel + soporte de entrenamiento impreso sobre lienzo.<\/p>\n","protected":false},"featured_media":29651,"comment_status":"open","ping_status":"closed","template":"","meta":{"_seopress_robots_primary_cat":"none","_seopress_titles_title":"Kit de entrenamiento - Tienda","_seopress_titles_desc":"","_seopress_robots_index":"","_et_pb_use_builder":"on","_et_pb_old_content":"El kit de formaci\u00f3n contiene :\r\n<ul>\r\n \t<li>Un Cardio First Angel: 130 g<\/li>\r\n \t<li>Maniqu\u00ed impreso en lienzo: formato A1 (84,1 x 59,4 cm), funda de tela resistente<\/li>\r\n \t<li>El plazo de entrega es de aproximadamente 2 semanas.<\/li>\r\n<\/ul>\r\nEste kit de formaci\u00f3n no sustituye a un curso de primeros auxilios.\r\n\r\n<strong>ENVIAR<\/strong>\r\n<strong>Francia metropolitana y Pen\u00ednsula Ib\u00e9rica:<\/strong> gastos de env\u00edo incluidos. <strong>Resto de Europa: <\/strong>gastos de env\u00edo a tanto alzado de 8 \u20ac.\r\n\r\nEs posible que tengas que pagar derechos de aduana y de importaci\u00f3n por tu paquete en funci\u00f3n del pa\u00eds de entrega (por ejemplo, un pa\u00eds no perteneciente a la UE). Si tu paquete est\u00e1 sujeto a esto, la persona que recibe el paquete est\u00e1 obligada a cubrir estos costes.","_et_gb_content_width":"","content-type":""},"product_brand":[],"product_cat":[55],"product_tag":[],"class_list":{"0":"post-29960","1":"product","2":"type-product","3":"status-publish","4":"has-post-thumbnail","6":"product_cat-sin-categorizar","8":"first","9":"instock","10":"taxable","11":"shipping-taxable","12":"purchasable","13":"product-type-variable","14":"has-default-attributes"},"jetpack_sharing_enabled":true,"_links":{"self":[{"href":"https:\/\/cardiofirstangel.fr\/es\/wp-json\/wp\/v2\/product\/29960","targetHints":{"allow":["GET"]}}],"collection":[{"href":"https:\/\/cardiofirstangel.fr\/es\/wp-json\/wp\/v2\/product"}],"about":[{"href":"https:\/\/cardiofirstangel.fr\/es\/wp-json\/wp\/v2\/types\/product"}],"replies":[{"embeddable":true,"href":"https:\/\/cardiofirstangel.fr\/es\/wp-json\/wp\/v2\/comments?post=29960"}],"wp:featuredmedia":[{"embeddable":true,"href":"https:\/\/cardiofirstangel.fr\/es\/wp-json\/wp\/v2\/media\/29651"}],"wp:attachment":[{"href":"https:\/\/cardiofirstangel.fr\/es\/wp-json\/wp\/v2\/media?parent=29960"}],"wp:term":[{"taxonomy":"product_brand","embeddable":true,"href":"https:\/\/cardiofirstangel.fr\/es\/wp-json\/wp\/v2\/product_brand?post=29960"},{"taxonomy":"product_cat","embeddable":true,"href":"https:\/\/cardiofirstangel.fr\/es\/wp-json\/wp\/v2\/product_cat?post=29960"},{"taxonomy":"product_tag","embeddable":true,"href":"https:\/\/cardiofirstangel.fr\/es\/wp-json\/wp\/v2\/product_tag?post=29960"}],"curies":[{"name":"wp","href":"https:\/\/api.w.org\/{rel}","templated":true}]}}